{"id":79042,"date":"2022-11-11T14:20:33","date_gmt":"2022-11-11T13:20:33","guid":{"rendered":"http:\/\/www.swedishrope.com\/se\/?post_type=product&#038;p=79042"},"modified":"2026-03-02T11:22:28","modified_gmt":"2026-03-02T10:22:28","slug":"tillbehor-gummifjadrar","status":"publish","type":"product","link":"https:\/\/www.swedishrope.com\/se\/produkt\/tillbehor-gummifjadrar\/","title":{"rendered":"Gummifj\u00e4drar"},"content":{"rendered":"\t\t<div data-elementor-type=\"product-post\" data-elementor-id=\"79042\" class=\"elementor elementor-79042\" data-elementor-post-type=\"product\">\n\t\t\t\t<div class=\"elementor-element elementor-element-13e504c2 e-con-full e-flex e-con e-parent\" data-id=\"13e504c2\" data-element_type=\"container\" data-e-type=\"container\">\n\t\t<div class=\"elementor-element elementor-element-72bf86ed e-con-full e-flex e-con e-child\" data-id=\"72bf86ed\" data-element_type=\"container\" data-e-type=\"container\">\n\t\t\t\t<div class=\"elementor-element elementor-element-16cbe301 elementor-widget elementor-widget-heading\" data-id=\"16cbe301\" data-element_type=\"widget\" data-e-type=\"widget\" data-widget_type=\"heading.default\">\n\t\t\t\t<div class=\"elementor-widget-container\">\n\t\t\t\t\t<h2 class=\"elementor-heading-title elementor-size-default\">Beskrivning<\/h2>\t\t\t\t<\/div>\n\t\t\t\t<\/div>\n\t\t\t\t<div class=\"elementor-element elementor-element-4546a5b9 elementor-widget elementor-widget-text-editor\" data-id=\"4546a5b9\" data-element_type=\"widget\" data-e-type=\"widget\" data-widget_type=\"text-editor.default\">\n\t\t\t\t<div class=\"elementor-widget-container\">\n\t\t\t\t\t\t\t\t\t<p><strong>F\u00f6rt\u00f6jningsfj\u00e4drar<\/strong> i svart gummi \u00e4r specialtillverkade komponenter som \u00e4r avsedda att f\u00f6rb\u00e4ttra chockabsorptionen hos fasta f\u00f6rt\u00f6jningslinor.<\/p><p><strong>Material och egenskaper:<\/strong> Dessa fj\u00e4drar \u00e4r konstruerade med noggrannhet och tillverkade av h\u00f6gkvalitativt gummi f\u00f6r att s\u00e4kerst\u00e4lla p\u00e5litlig och effektiv prestanda. Dessa f\u00f6rt\u00f6jningsfj\u00e4drar \u00e4r utformade f\u00f6r att vara kompatibla med f\u00f6rt\u00f6jningslinor som har en grovlek inom intervallet 10-20 mm.<\/p><p><strong>Anv\u00e4ndningsomr\u00e5den:<\/strong> Huvudsyftet med dessa fj\u00e4drar \u00e4r att \u00f6ka chockupptagningsf\u00f6rm\u00e5gan hos f\u00f6rt\u00f6jningslinor. Genom att installera fj\u00e4drarna i f\u00f6rt\u00f6jningslinorna kan de absorbera och minska de p\u00e5frestningar och st\u00f6tar som uppst\u00e5r p\u00e5 grund av b\u00e5tens r\u00f6relse och v\u00e4derf\u00f6rh\u00e5llanden. Detta bidrar till att skydda f\u00f6rt\u00f6jningsutrustningen och fritidsb\u00e5ten fr\u00e5n \u00f6verdriven belastning och skador. Exempel p\u00e5 anv\u00e4ndningsomr\u00e5den inkluderar:<\/p><ul><li><strong>F\u00f6rt\u00f6jning av fritidsb\u00e5tar:<\/strong> Dessa fj\u00e4drar \u00e4r i huvudsak avsedda f\u00f6r anv\u00e4ndning inom fritidsb\u00e5tssektorn. De anv\u00e4nds f\u00f6r att \u00f6ka s\u00e4kerheten och h\u00e5llbarheten i fasta f\u00f6rt\u00f6jningslinor som anv\u00e4nds f\u00f6r att f\u00f6rt\u00f6ja fritidsb\u00e5tar vid kajer, bryggor eller bojar. De hj\u00e4lper till att minska den p\u00e5verkan som b\u00e5tens r\u00f6relse och yttre p\u00e5frestningar kan ha p\u00e5 f\u00f6rt\u00f6jningsutrustningen och \u00f6kar d\u00e4rmed s\u00e4kerheten f\u00f6r fritidsb\u00e5ten.<\/li><li><strong>Chockupptagning:<\/strong> \u00e4ven i andra typer av installationer och applikationer kan en \u00f6kad chockabsorption vara \u00f6nskv\u00e4rd, exempelvis vid fast installation av brygga eller ponton i bass\u00e4ng, eller vid d\u00e4mpning av ryck i annan teknisk utrustning man f\u00f6rankrat med rep.<\/li><\/ul><p><strong>F\u00f6rdelar:<\/strong> F\u00f6rt\u00f6jningsfj\u00e4drar i svart gummi \u00e4r en praktisk och effektiv l\u00f6sning f\u00f6r b\u00e5t\u00e4gare som vill f\u00f6rb\u00e4ttra chockabsorptionen hos sina f\u00f6rt\u00f6jningslinor. Deras enkla installation och f\u00f6rm\u00e5ga att skydda b\u00e5de utrustning och b\u00e5t g\u00f6r dem till ett v\u00e4rdefullt komplement till f\u00f6rt\u00f6jningsgodset.<\/p>\t\t\t\t\t\t\t\t<\/div>\n\t\t\t\t<\/div>\n\t\t\t\t<\/div>\n\t\t<div class=\"elementor-element elementor-element-2a06b955 e-con-full e-flex e-con e-child\" data-id=\"2a06b955\" data-element_type=\"container\" data-e-type=\"container\">\n\t\t\t\t<div class=\"elementor-element elementor-element-dd18659 elementor-widget elementor-widget-heading\" data-id=\"dd18659\" data-element_type=\"widget\" data-e-type=\"widget\" data-widget_type=\"heading.default\">\n\t\t\t\t<div class=\"elementor-widget-container\">\n\t\t\t\t\t<h2 class=\"elementor-heading-title elementor-size-default\">Specifikation<\/h2>\t\t\t\t<\/div>\n\t\t\t\t<\/div>\n\t\t\t\t<div class=\"elementor-element elementor-element-65ff52f4 elementor-widget elementor-widget-shortcode\" data-id=\"65ff52f4\" data-element_type=\"widget\" data-e-type=\"widget\" data-widget_type=\"shortcode.default\">\n\t\t\t\t<div class=\"elementor-widget-container\">\n\t\t\t\t\t\t\t<div class=\"elementor-shortcode\">\n<table id=\"tablepress-4-4-Gumfjsv\" class=\"tablepress tablepress-id-4-4-Gumfjsv\">\n<thead>\n<tr class=\"row-1\">\n\t<th class=\"column-1\">Beteckning<\/th><th class=\"column-2\">Rep diameter<br \/>\n[mm]<br \/>\n<\/th><th class=\"column-3\">Fj\u00e4derns l\u00e4ngd<br \/>\n[mm]<\/th><th class=\"column-4\">Antal h\u00e5l<\/th><th class=\"column-5\">F\u00e4rg<\/th>\n<\/tr>\n<\/thead>\n<tbody class=\"row-striping row-hover\">\n<tr class=\"row-2\">\n\t<td class=\"column-1\">GD-1<\/td><td class=\"column-2\">10-12<\/td><td class=\"column-3\">150<\/td><td class=\"column-4\">6<\/td><td class=\"column-5\">Svart<\/td>\n<\/tr>\n<tr class=\"row-3\">\n\t<td class=\"column-1\">GD-2<\/td><td class=\"column-2\">12-14<\/td><td class=\"column-3\">220<\/td><td class=\"column-4\">6<\/td><td class=\"column-5\">Svart<\/td>\n<\/tr>\n<tr class=\"row-4\">\n\t<td class=\"column-1\">GD-3<\/td><td class=\"column-2\">14-16<\/td><td class=\"column-3\">260<\/td><td class=\"column-4\">6<\/td><td class=\"column-5\">Svart &amp; Gr\u00e5<\/td>\n<\/tr>\n<tr class=\"row-5\">\n\t<td class=\"column-1\">GD-4<\/td><td class=\"column-2\">18-20<\/td><td class=\"column-3\">320<\/td><td class=\"column-4\">8<\/td><td class=\"column-5\">Svart &amp; Gr\u00e5<\/td>\n<\/tr>\n<\/tbody>\n<\/table>\n<!-- #tablepress-4-4-Gumfjsv from cache --><\/div>\n\t\t\t\t\t\t<\/div>\n\t\t\t\t<\/div>\n\t\t\t\t<\/div>\n\t\t\t\t<\/div>\n\t\t\t\t<\/div>\n\t\t","protected":false},"excerpt":{"rendered":"<p class=\"p1\">F\u00f6rt\u00f6jningsfj\u00e4drar i gummi.<\/p>\n<h5>Handla i v\u00e5r webbshop, repbutiken.se:<\/h5>\n<p><a href=\"https:\/\/repbutiken.se\/produkter\/tillbehor\/gummifjader\/\" class=\"button\" target=\"_blank\" rel=\"noopener\">K\u00f6p nu<\/a><\/p>\n<h5>Kontakta oss med en f\u00f6rfr\u00e5gan:<\/h5>\n<p><a href=\"\/se\/kontakt\/\" class=\"button\">Beg\u00e4r offert<\/a><\/p>\n","protected":false},"featured_media":79044,"comment_status":"closed","ping_status":"closed","template":"","meta":[],"product_brand":[],"product_cat":[549,551,37,41],"product_tag":[356,58,1300,1299,359],"class_list":{"0":"post-79042","1":"product","2":"type-product","3":"status-publish","4":"has-post-thumbnail","6":"product_cat-fritidsbatar-marint","7":"product_cat-specialprojekt-tekniska-losningar","8":"product_cat-ovriga-produkter","9":"product_cat-yrkessjofart","10":"product_tag-elastiskt-rep","11":"product_tag-fortojning","12":"product_tag-fortojningsfjader","13":"product_tag-gummifjader","14":"product_tag-gummirep","16":"first","17":"instock","18":"shipping-taxable","19":"product-type-simple"},"yoast_head":"<!-- This site is optimized with the Yoast SEO plugin v27.1.1 - https:\/\/yoast.com\/product\/yoast-seo-wordpress\/ -->\n<title>F\u00f6rt\u00f6jningsfj\u00e4drar i gummi - Swedish Rope | Rep, tross, linor och sn\u00f6ren<\/title>\n<meta name=\"description\" content=\"F\u00f6rt\u00f6jningsfj\u00e4drar i gummi f\u00f6r fritidsb\u00e5tar. Passar till rep i dimensioner 12mm-20mm. Minskar belastningen p\u00e5 f\u00f6rt\u00f6jningslinor f\u00f6r \u00f6kad livsl\u00e4ngd.\" \/>\n<meta name=\"robots\" content=\"index, follow, max-snippet:-1, max-image-preview:large, max-video-preview:-1\" \/>\n<link rel=\"canonical\" href=\"https:\/\/www.swedishrope.com\/se\/produkt\/tillbehor-gummifjadrar\/\" \/>\n<meta property=\"og:locale\" content=\"en_US\" \/>\n<meta property=\"og:type\" content=\"article\" \/>\n<meta property=\"og:title\" content=\"F\u00f6rt\u00f6jningsfj\u00e4drar i gummi - Swedish Rope | Rep, tross, linor och sn\u00f6ren\" \/>\n<meta property=\"og:description\" content=\"F\u00f6rt\u00f6jningsfj\u00e4drar i gummi f\u00f6r fritidsb\u00e5tar. Passar till rep i dimensioner 12mm-20mm. Minskar belastningen p\u00e5 f\u00f6rt\u00f6jningslinor f\u00f6r \u00f6kad livsl\u00e4ngd.\" \/>\n<meta property=\"og:url\" content=\"https:\/\/www.swedishrope.com\/se\/produkt\/tillbehor-gummifjadrar\/\" \/>\n<meta property=\"og:site_name\" content=\"Swedish Rope | Rep, tross, linor och sn\u00f6ren\" \/>\n<meta property=\"article:publisher\" content=\"https:\/\/www.facebook.com\/swedishrope\" \/>\n<meta property=\"article:modified_time\" content=\"2026-03-02T10:22:28+00:00\" \/>\n<meta property=\"og:image\" content=\"http:\/\/www.swedishrope.com\/se\/wp-content\/uploads\/2022\/11\/Fortojningsfjadrar-gummi-produktbild3.jpg\" \/>\n\t<meta property=\"og:image:width\" content=\"1000\" \/>\n\t<meta property=\"og:image:height\" content=\"1000\" \/>\n\t<meta property=\"og:image:type\" content=\"image\/jpeg\" \/>\n<meta name=\"twitter:card\" content=\"summary_large_image\" \/>\n<meta name=\"twitter:label1\" content=\"Est. reading time\" \/>\n\t<meta name=\"twitter:data1\" content=\"2 minutes\" \/>\n<script type=\"application\/ld+json\" class=\"yoast-schema-graph\">{\"@context\":\"https:\/\/schema.org\",\"@graph\":[{\"@type\":\"WebPage\",\"@id\":\"https:\/\/www.swedishrope.com\/se\/produkt\/tillbehor-gummifjadrar\/\",\"url\":\"https:\/\/www.swedishrope.com\/se\/produkt\/tillbehor-gummifjadrar\/\",\"name\":\"F\u00f6rt\u00f6jningsfj\u00e4drar i gummi - Swedish Rope | Rep, tross, linor och sn\u00f6ren\",\"isPartOf\":{\"@id\":\"https:\/\/www.swedishrope.com\/se\/#website\"},\"primaryImageOfPage\":{\"@id\":\"https:\/\/www.swedishrope.com\/se\/produkt\/tillbehor-gummifjadrar\/#primaryimage\"},\"image\":{\"@id\":\"https:\/\/www.swedishrope.com\/se\/produkt\/tillbehor-gummifjadrar\/#primaryimage\"},\"thumbnailUrl\":\"https:\/\/www.swedishrope.com\/se\/wp-content\/uploads\/2022\/11\/Fortojningsfjadrar-gummi-produktbild3.jpg\",\"datePublished\":\"2022-11-11T13:20:33+00:00\",\"dateModified\":\"2026-03-02T10:22:28+00:00\",\"description\":\"F\u00f6rt\u00f6jningsfj\u00e4drar i gummi f\u00f6r fritidsb\u00e5tar. Passar till rep i dimensioner 12mm-20mm. Minskar belastningen p\u00e5 f\u00f6rt\u00f6jningslinor f\u00f6r \u00f6kad livsl\u00e4ngd.\",\"breadcrumb\":{\"@id\":\"https:\/\/www.swedishrope.com\/se\/produkt\/tillbehor-gummifjadrar\/#breadcrumb\"},\"inLanguage\":\"en-US\",\"potentialAction\":[{\"@type\":\"ReadAction\",\"target\":[\"https:\/\/www.swedishrope.com\/se\/produkt\/tillbehor-gummifjadrar\/\"]}]},{\"@type\":\"ImageObject\",\"inLanguage\":\"en-US\",\"@id\":\"https:\/\/www.swedishrope.com\/se\/produkt\/tillbehor-gummifjadrar\/#primaryimage\",\"url\":\"https:\/\/www.swedishrope.com\/se\/wp-content\/uploads\/2022\/11\/Fortojningsfjadrar-gummi-produktbild3.jpg\",\"contentUrl\":\"https:\/\/www.swedishrope.com\/se\/wp-content\/uploads\/2022\/11\/Fortojningsfjadrar-gummi-produktbild3.jpg\",\"width\":1000,\"height\":1000},{\"@type\":\"BreadcrumbList\",\"@id\":\"https:\/\/www.swedishrope.com\/se\/produkt\/tillbehor-gummifjadrar\/#breadcrumb\",\"itemListElement\":[{\"@type\":\"ListItem\",\"position\":1,\"name\":\"Home\",\"item\":\"https:\/\/www.swedishrope.com\/se\/\"},{\"@type\":\"ListItem\",\"position\":2,\"name\":\"Products\",\"item\":\"https:\/\/www.swedishrope.com\/se\/shop\/\"},{\"@type\":\"ListItem\",\"position\":3,\"name\":\"Gummifj\u00e4drar\"}]},{\"@type\":\"WebSite\",\"@id\":\"https:\/\/www.swedishrope.com\/se\/#website\",\"url\":\"https:\/\/www.swedishrope.com\/se\/\",\"name\":\"Swedish Rope | Ropes, hawsers, cords and twines\",\"description\":\"&quot;Vi sl\u00e5r det mesta!&quot;\",\"publisher\":{\"@id\":\"https:\/\/www.swedishrope.com\/se\/#organization\"},\"potentialAction\":[{\"@type\":\"SearchAction\",\"target\":{\"@type\":\"EntryPoint\",\"urlTemplate\":\"https:\/\/www.swedishrope.com\/se\/?s={search_term_string}\"},\"query-input\":{\"@type\":\"PropertyValueSpecification\",\"valueRequired\":true,\"valueName\":\"search_term_string\"}}],\"inLanguage\":\"en-US\"},{\"@type\":\"Organization\",\"@id\":\"https:\/\/www.swedishrope.com\/se\/#organization\",\"name\":\"Swedish Rope\",\"url\":\"https:\/\/www.swedishrope.com\/se\/\",\"logo\":{\"@type\":\"ImageObject\",\"inLanguage\":\"en-US\",\"@id\":\"https:\/\/www.swedishrope.com\/se\/#\/schema\/logo\/image\/\",\"url\":\"http:\/\/www.swedishrope.com\/se\/wp-content\/uploads\/2019\/07\/cropped-Logga-circular-SR.png\",\"contentUrl\":\"http:\/\/www.swedishrope.com\/se\/wp-content\/uploads\/2019\/07\/cropped-Logga-circular-SR.png\",\"width\":1843,\"height\":1840,\"caption\":\"Swedish Rope\"},\"image\":{\"@id\":\"https:\/\/www.swedishrope.com\/se\/#\/schema\/logo\/image\/\"},\"sameAs\":[\"https:\/\/www.facebook.com\/swedishrope\",\"https:\/\/www.instagram.com\/swedishrope\/\"]}]}<\/script>\n<!-- \/ Yoast SEO plugin. -->","yoast_head_json":{"title":"F\u00f6rt\u00f6jningsfj\u00e4drar i gummi - Swedish Rope | Rep, tross, linor och sn\u00f6ren","description":"F\u00f6rt\u00f6jningsfj\u00e4drar i gummi f\u00f6r fritidsb\u00e5tar. Passar till rep i dimensioner 12mm-20mm. Minskar belastningen p\u00e5 f\u00f6rt\u00f6jningslinor f\u00f6r \u00f6kad livsl\u00e4ngd.","robots":{"index":"index","follow":"follow","max-snippet":"max-snippet:-1","max-image-preview":"max-image-preview:large","max-video-preview":"max-video-preview:-1"},"canonical":"https:\/\/www.swedishrope.com\/se\/produkt\/tillbehor-gummifjadrar\/","og_locale":"en_US","og_type":"article","og_title":"F\u00f6rt\u00f6jningsfj\u00e4drar i gummi - Swedish Rope | Rep, tross, linor och sn\u00f6ren","og_description":"F\u00f6rt\u00f6jningsfj\u00e4drar i gummi f\u00f6r fritidsb\u00e5tar. Passar till rep i dimensioner 12mm-20mm. Minskar belastningen p\u00e5 f\u00f6rt\u00f6jningslinor f\u00f6r \u00f6kad livsl\u00e4ngd.","og_url":"https:\/\/www.swedishrope.com\/se\/produkt\/tillbehor-gummifjadrar\/","og_site_name":"Swedish Rope | Rep, tross, linor och sn\u00f6ren","article_publisher":"https:\/\/www.facebook.com\/swedishrope","article_modified_time":"2026-03-02T10:22:28+00:00","og_image":[{"width":1000,"height":1000,"url":"http:\/\/www.swedishrope.com\/se\/wp-content\/uploads\/2022\/11\/Fortojningsfjadrar-gummi-produktbild3.jpg","type":"image\/jpeg"}],"twitter_card":"summary_large_image","twitter_misc":{"Est. reading time":"2 minutes"},"schema":{"@context":"https:\/\/schema.org","@graph":[{"@type":"WebPage","@id":"https:\/\/www.swedishrope.com\/se\/produkt\/tillbehor-gummifjadrar\/","url":"https:\/\/www.swedishrope.com\/se\/produkt\/tillbehor-gummifjadrar\/","name":"F\u00f6rt\u00f6jningsfj\u00e4drar i gummi - Swedish Rope | Rep, tross, linor och sn\u00f6ren","isPartOf":{"@id":"https:\/\/www.swedishrope.com\/se\/#website"},"primaryImageOfPage":{"@id":"https:\/\/www.swedishrope.com\/se\/produkt\/tillbehor-gummifjadrar\/#primaryimage"},"image":{"@id":"https:\/\/www.swedishrope.com\/se\/produkt\/tillbehor-gummifjadrar\/#primaryimage"},"thumbnailUrl":"https:\/\/www.swedishrope.com\/se\/wp-content\/uploads\/2022\/11\/Fortojningsfjadrar-gummi-produktbild3.jpg","datePublished":"2022-11-11T13:20:33+00:00","dateModified":"2026-03-02T10:22:28+00:00","description":"F\u00f6rt\u00f6jningsfj\u00e4drar i gummi f\u00f6r fritidsb\u00e5tar. Passar till rep i dimensioner 12mm-20mm. Minskar belastningen p\u00e5 f\u00f6rt\u00f6jningslinor f\u00f6r \u00f6kad livsl\u00e4ngd.","breadcrumb":{"@id":"https:\/\/www.swedishrope.com\/se\/produkt\/tillbehor-gummifjadrar\/#breadcrumb"},"inLanguage":"en-US","potentialAction":[{"@type":"ReadAction","target":["https:\/\/www.swedishrope.com\/se\/produkt\/tillbehor-gummifjadrar\/"]}]},{"@type":"ImageObject","inLanguage":"en-US","@id":"https:\/\/www.swedishrope.com\/se\/produkt\/tillbehor-gummifjadrar\/#primaryimage","url":"https:\/\/www.swedishrope.com\/se\/wp-content\/uploads\/2022\/11\/Fortojningsfjadrar-gummi-produktbild3.jpg","contentUrl":"https:\/\/www.swedishrope.com\/se\/wp-content\/uploads\/2022\/11\/Fortojningsfjadrar-gummi-produktbild3.jpg","width":1000,"height":1000},{"@type":"BreadcrumbList","@id":"https:\/\/www.swedishrope.com\/se\/produkt\/tillbehor-gummifjadrar\/#breadcrumb","itemListElement":[{"@type":"ListItem","position":1,"name":"Home","item":"https:\/\/www.swedishrope.com\/se\/"},{"@type":"ListItem","position":2,"name":"Products","item":"https:\/\/www.swedishrope.com\/se\/shop\/"},{"@type":"ListItem","position":3,"name":"Gummifj\u00e4drar"}]},{"@type":"WebSite","@id":"https:\/\/www.swedishrope.com\/se\/#website","url":"https:\/\/www.swedishrope.com\/se\/","name":"Swedish Rope | Ropes, hawsers, cords and twines","description":"&quot;Vi sl\u00e5r det mesta!&quot;","publisher":{"@id":"https:\/\/www.swedishrope.com\/se\/#organization"},"potentialAction":[{"@type":"SearchAction","target":{"@type":"EntryPoint","urlTemplate":"https:\/\/www.swedishrope.com\/se\/?s={search_term_string}"},"query-input":{"@type":"PropertyValueSpecification","valueRequired":true,"valueName":"search_term_string"}}],"inLanguage":"en-US"},{"@type":"Organization","@id":"https:\/\/www.swedishrope.com\/se\/#organization","name":"Swedish Rope","url":"https:\/\/www.swedishrope.com\/se\/","logo":{"@type":"ImageObject","inLanguage":"en-US","@id":"https:\/\/www.swedishrope.com\/se\/#\/schema\/logo\/image\/","url":"http:\/\/www.swedishrope.com\/se\/wp-content\/uploads\/2019\/07\/cropped-Logga-circular-SR.png","contentUrl":"http:\/\/www.swedishrope.com\/se\/wp-content\/uploads\/2019\/07\/cropped-Logga-circular-SR.png","width":1843,"height":1840,"caption":"Swedish Rope"},"image":{"@id":"https:\/\/www.swedishrope.com\/se\/#\/schema\/logo\/image\/"},"sameAs":["https:\/\/www.facebook.com\/swedishrope","https:\/\/www.instagram.com\/swedishrope\/"]}]}},"_links":{"self":[{"href":"https:\/\/www.swedishrope.com\/se\/wp-json\/wp\/v2\/product\/79042","targetHints":{"allow":["GET"]}}],"collection":[{"href":"https:\/\/www.swedishrope.com\/se\/wp-json\/wp\/v2\/product"}],"about":[{"href":"https:\/\/www.swedishrope.com\/se\/wp-json\/wp\/v2\/types\/product"}],"replies":[{"embeddable":true,"href":"https:\/\/www.swedishrope.com\/se\/wp-json\/wp\/v2\/comments?post=79042"}],"version-history":[{"count":22,"href":"https:\/\/www.swedishrope.com\/se\/wp-json\/wp\/v2\/product\/79042\/revisions"}],"predecessor-version":[{"id":85632,"href":"https:\/\/www.swedishrope.com\/se\/wp-json\/wp\/v2\/product\/79042\/revisions\/85632"}],"wp:featuredmedia":[{"embeddable":true,"href":"https:\/\/www.swedishrope.com\/se\/wp-json\/wp\/v2\/media\/79044"}],"wp:attachment":[{"href":"https:\/\/www.swedishrope.com\/se\/wp-json\/wp\/v2\/media?parent=79042"}],"wp:term":[{"taxonomy":"product_brand","embeddable":true,"href":"https:\/\/www.swedishrope.com\/se\/wp-json\/wp\/v2\/product_brand?post=79042"},{"taxonomy":"product_cat","embeddable":true,"href":"https:\/\/www.swedishrope.com\/se\/wp-json\/wp\/v2\/product_cat?post=79042"},{"taxonomy":"product_tag","embeddable":true,"href":"https:\/\/www.swedishrope.com\/se\/wp-json\/wp\/v2\/product_tag?post=79042"}],"curies":[{"name":"wp","href":"https:\/\/api.w.org\/{rel}","templated":true}]}}