{"id":79046,"date":"2022-11-11T14:31:06","date_gmt":"2022-11-11T13:31:06","guid":{"rendered":"http:\/\/www.swedishrope.com\/se\/?post_type=product&#038;p=79046"},"modified":"2026-03-02T11:21:58","modified_gmt":"2026-03-02T10:21:58","slug":"tillbehor-metallfjader","status":"publish","type":"product","link":"https:\/\/www.swedishrope.com\/se\/produkt\/tillbehor-metallfjader\/","title":{"rendered":"Metallfj\u00e4der"},"content":{"rendered":"\t\t<div data-elementor-type=\"product-post\" data-elementor-id=\"79046\" class=\"elementor elementor-79046\" data-elementor-post-type=\"product\">\n\t\t\t\t<div class=\"elementor-element elementor-element-5c64e7c4 e-con-full e-flex e-con e-parent\" data-id=\"5c64e7c4\" data-element_type=\"container\" data-e-type=\"container\">\n\t\t<div class=\"elementor-element elementor-element-168f0f3a e-con-full e-flex e-con e-child\" data-id=\"168f0f3a\" data-element_type=\"container\" data-e-type=\"container\">\n\t\t\t\t<div class=\"elementor-element elementor-element-3cd04c84 elementor-widget elementor-widget-heading\" data-id=\"3cd04c84\" data-element_type=\"widget\" data-e-type=\"widget\" data-widget_type=\"heading.default\">\n\t\t\t\t<div class=\"elementor-widget-container\">\n\t\t\t\t\t<h2 class=\"elementor-heading-title elementor-size-default\">Beskrivning<\/h2>\t\t\t\t<\/div>\n\t\t\t\t<\/div>\n\t\t\t\t<div class=\"elementor-element elementor-element-679e5c7e elementor-widget elementor-widget-text-editor\" data-id=\"679e5c7e\" data-element_type=\"widget\" data-e-type=\"widget\" data-widget_type=\"text-editor.default\">\n\t\t\t\t<div class=\"elementor-widget-container\">\n\t\t\t\t\t\t\t\t\t<p><strong>F\u00f6rt\u00f6jningsfj\u00e4drar<\/strong> i metall \u00e4r till f\u00f6r att \u00f6ka chockupptagningf\u00f6rm\u00e5gan i fastaf\u00f6rt\u00f6jningar.<\/p>\n<p><strong>Material och egenskaper:<\/strong> Dessa fj\u00e4drar \u00e4r konstruerade med noggrannhet f\u00f6r att m\u00f6ta de krav som kr\u00e4vs f\u00f6r p\u00e5litlig och h\u00e5llbar prestanda. F\u00f6rt\u00f6jningsfj\u00e4drarna \u00e4r tillverkade av svart fj\u00e4derst\u00e5l och har en j\u00e4rn-zinklegering som rostskydd. Detta g\u00f6r dem mycket t\u00e5liga och motst\u00e5ndskraftiga mot korrosion \u00e4ven i marina och fuktiga milj\u00f6er.<\/p>\n<p><b>Anv\u00e4ndningsomr\u00e5den:<\/b>&nbsp;Metallfj\u00e4drarna \u00e4r i huvudsak framtagna f\u00f6r att anv\u00e4ndas vid fast f\u00f6rt\u00f6jning av fritidsb\u00e5tar men kan \u00e4ven anv\u00e4ndas p\u00e5 andra s\u00e4tt. Exempel p\u00e5 anv\u00e4ndningsomr\u00e5den inkluderar:<\/p>\n<ul>\n<li><strong>F\u00f6rt\u00f6jning av fritidsb\u00e5tar:<\/strong> Dessa fj\u00e4drar \u00e4r huvudsakligen avsedda f\u00f6r anv\u00e4ndning inom fritidsb\u00e5tssektorn. De anv\u00e4nds f\u00f6r att \u00f6ka chockupptagningskapaciteten hos fasta f\u00f6rt\u00f6jningslinor som s\u00e4krar fritidsb\u00e5tar vid kajer, bryggor eller bojar. Genom att installera fj\u00e4drar i f\u00f6rt\u00f6jningslinorna kan de absorbera och d\u00e4mpa de p\u00e5frestningar och st\u00f6tar som uppst\u00e5r p\u00e5 grund av b\u00e5tens r\u00f6relse och v\u00e4derf\u00f6rh\u00e5llanden. Detta bidrar till att minska belastningen p\u00e5 f\u00f6rt\u00f6jningsutrustningen och \u00f6kar s\u00e4kerheten f\u00f6r fritidsb\u00e5ten samt minskar risken f\u00f6r skador.<\/li>\n<li><strong>Generell chockupptagning:<\/strong> vid f\u00f6rt\u00f6jning av tekniska komponenter eller andra industriella installationer kan fj\u00e4drarna \u00f6ka d\u00e4mpningen och chockupptagingen f\u00f6r att minimera risken f\u00f6r skador p\u00e5 viktig och k\u00e4nslig teknisk utrustning.<\/li>\n<\/ul>\n<p><strong>F\u00f6rdelar:<\/strong> F\u00f6rt\u00f6jningsfj\u00e4drar av svart fj\u00e4derst\u00e5l med j\u00e4rn-zinklegering som rostskydd \u00e4r en viktig komponent f\u00f6r fritidsb\u00e5tar som kr\u00e4ver \u00f6kad chockabsorption och h\u00e5llbarhet i sina f\u00f6rt\u00f6jningslinor. Deras p\u00e5litlighet och motst\u00e5ndskraft mot korrosion g\u00f6r dem till ett utm\u00e4rkt val f\u00f6r b\u00e5t\u00e4gare som prioriterar s\u00e4kerhet och l\u00e5ngvarig prestanda.<\/p>\t\t\t\t\t\t\t\t<\/div>\n\t\t\t\t<\/div>\n\t\t\t\t<\/div>\n\t\t<div class=\"elementor-element elementor-element-4034cfe9 e-con-full e-flex e-con e-child\" data-id=\"4034cfe9\" data-element_type=\"container\" data-e-type=\"container\">\n\t\t\t\t<div class=\"elementor-element elementor-element-95923f9 elementor-widget elementor-widget-heading\" data-id=\"95923f9\" data-element_type=\"widget\" data-e-type=\"widget\" data-widget_type=\"heading.default\">\n\t\t\t\t<div class=\"elementor-widget-container\">\n\t\t\t\t\t<h2 class=\"elementor-heading-title elementor-size-default\">Specifikation<\/h2>\t\t\t\t<\/div>\n\t\t\t\t<\/div>\n\t\t\t\t<div class=\"elementor-element elementor-element-320081be elementor-widget elementor-widget-shortcode\" data-id=\"320081be\" data-element_type=\"widget\" data-e-type=\"widget\" data-widget_type=\"shortcode.default\">\n\t\t\t\t<div class=\"elementor-widget-container\">\n\t\t\t\t\t\t\t<div class=\"elementor-shortcode\">\n<table id=\"tablepress-4-5-Metfjsv\" class=\"tablepress tablepress-id-4-5-Metfjsv\">\n<thead>\n<tr class=\"row-1\">\n\t<th class=\"column-1\">Rep diameter<br \/>\n[mm]<br \/>\n<\/th><th class=\"column-2\">Fj\u00e4derns l\u00e4ngd<br \/>\n[mm]<\/th><th class=\"column-3\">Godsgrovlek<br \/>\n[mm]<\/th><th class=\"column-4\">F\u00e4rg<\/th>\n<\/tr>\n<\/thead>\n<tbody class=\"row-striping row-hover\">\n<tr class=\"row-2\">\n\t<td class=\"column-1\">10-12<\/td><td class=\"column-2\">280<\/td><td class=\"column-3\">5<\/td><td class=\"column-4\">Svart<\/td>\n<\/tr>\n<tr class=\"row-3\">\n\t<td class=\"column-1\">14-16<\/td><td class=\"column-2\">370<\/td><td class=\"column-3\">5,5<\/td><td class=\"column-4\">Svart<\/td>\n<\/tr>\n<tr class=\"row-4\">\n\t<td class=\"column-1\">18-20<\/td><td class=\"column-2\">420<\/td><td class=\"column-3\">7<\/td><td class=\"column-4\">Svart<\/td>\n<\/tr>\n<\/tbody>\n<\/table>\n<\/div>\n\t\t\t\t\t\t<\/div>\n\t\t\t\t<\/div>\n\t\t\t\t<\/div>\n\t\t\t\t<\/div>\n\t\t\t\t<\/div>\n\t\t","protected":false},"excerpt":{"rendered":"<p class=\"p1\">F\u00f6rt\u00f6jningsfj\u00e4drar i metall.<\/p>\n<h5>Handla i v\u00e5r webbshop, repbutiken.se:<\/h5>\n<p><a href=\"https:\/\/repbutiken.se\/produkter\/tillbehor\/fortojningsfjader-metall\/\" class=\"button\" target=\"_blank\" rel=\"noopener\">K\u00f6p nu<\/a><\/p>\n<h5>Kontakta oss med en f\u00f6rfr\u00e5gan:<\/h5>\n<p><a href=\"\/se\/kontakt\/\" class=\"button\">Beg\u00e4r offert<\/a><\/p>\n","protected":false},"featured_media":79048,"comment_status":"closed","ping_status":"closed","template":"","meta":[],"product_brand":[],"product_cat":[549,551,37],"product_tag":[56,1301,1302,58,111,68],"class_list":{"0":"post-79046","1":"product","2":"type-product","3":"status-publish","4":"has-post-thumbnail","6":"product_cat-fritidsbatar-marint","7":"product_cat-specialprojekt-tekniska-losningar","8":"product_cat-ovriga-produkter","9":"product_tag-brygga","10":"product_tag-chockupptagning","11":"product_tag-dampning","12":"product_tag-fortojning","13":"product_tag-metallfjader","14":"product_tag-y-bom","16":"first","17":"instock","18":"shipping-taxable","19":"product-type-simple"},"yoast_head":"<!-- This site is optimized with the Yoast SEO plugin v27.1.1 - https:\/\/yoast.com\/product\/yoast-seo-wordpress\/ -->\n<title>Metallfj\u00e4der - Swedish Rope | Rep, tross, linor och sn\u00f6ren<\/title>\n<meta name=\"description\" content=\"F\u00f6rt\u00f6jningsfj\u00e4drar i metall minskar belastningen p\u00e5 f\u00f6rt\u00f6jningslinorna och g\u00f6r att din b\u00e5t ligger tryggare i hamn.\" \/>\n<meta name=\"robots\" content=\"index, follow, max-snippet:-1, max-image-preview:large, max-video-preview:-1\" \/>\n<link rel=\"canonical\" href=\"https:\/\/www.swedishrope.com\/se\/produkt\/tillbehor-metallfjader\/\" \/>\n<meta property=\"og:locale\" content=\"en_US\" \/>\n<meta property=\"og:type\" content=\"article\" \/>\n<meta property=\"og:title\" content=\"Metallfj\u00e4der - Swedish Rope | Rep, tross, linor och sn\u00f6ren\" \/>\n<meta property=\"og:description\" content=\"F\u00f6rt\u00f6jningsfj\u00e4drar i metall minskar belastningen p\u00e5 f\u00f6rt\u00f6jningslinorna och g\u00f6r att din b\u00e5t ligger tryggare i hamn.\" \/>\n<meta property=\"og:url\" content=\"https:\/\/www.swedishrope.com\/se\/produkt\/tillbehor-metallfjader\/\" \/>\n<meta property=\"og:site_name\" content=\"Swedish Rope | Rep, tross, linor och sn\u00f6ren\" \/>\n<meta property=\"article:publisher\" content=\"https:\/\/www.facebook.com\/swedishrope\" \/>\n<meta property=\"article:modified_time\" content=\"2026-03-02T10:21:58+00:00\" \/>\n<meta property=\"og:image\" content=\"http:\/\/www.swedishrope.com\/se\/wp-content\/uploads\/2022\/11\/Fortojningsfjadrar-metall-produktbild1.jpg\" \/>\n\t<meta property=\"og:image:width\" content=\"1000\" \/>\n\t<meta property=\"og:image:height\" content=\"1000\" \/>\n\t<meta property=\"og:image:type\" content=\"image\/jpeg\" \/>\n<meta name=\"twitter:card\" content=\"summary_large_image\" \/>\n<meta name=\"twitter:label1\" content=\"Est. reading time\" \/>\n\t<meta name=\"twitter:data1\" content=\"2 minutes\" \/>\n<script type=\"application\/ld+json\" class=\"yoast-schema-graph\">{\"@context\":\"https:\/\/schema.org\",\"@graph\":[{\"@type\":\"WebPage\",\"@id\":\"https:\/\/www.swedishrope.com\/se\/produkt\/tillbehor-metallfjader\/\",\"url\":\"https:\/\/www.swedishrope.com\/se\/produkt\/tillbehor-metallfjader\/\",\"name\":\"Metallfj\u00e4der - Swedish Rope | Rep, tross, linor och sn\u00f6ren\",\"isPartOf\":{\"@id\":\"https:\/\/www.swedishrope.com\/se\/#website\"},\"primaryImageOfPage\":{\"@id\":\"https:\/\/www.swedishrope.com\/se\/produkt\/tillbehor-metallfjader\/#primaryimage\"},\"image\":{\"@id\":\"https:\/\/www.swedishrope.com\/se\/produkt\/tillbehor-metallfjader\/#primaryimage\"},\"thumbnailUrl\":\"https:\/\/www.swedishrope.com\/se\/wp-content\/uploads\/2022\/11\/Fortojningsfjadrar-metall-produktbild1.jpg\",\"datePublished\":\"2022-11-11T13:31:06+00:00\",\"dateModified\":\"2026-03-02T10:21:58+00:00\",\"description\":\"F\u00f6rt\u00f6jningsfj\u00e4drar i metall minskar belastningen p\u00e5 f\u00f6rt\u00f6jningslinorna och g\u00f6r att din b\u00e5t ligger tryggare i hamn.\",\"breadcrumb\":{\"@id\":\"https:\/\/www.swedishrope.com\/se\/produkt\/tillbehor-metallfjader\/#breadcrumb\"},\"inLanguage\":\"en-US\",\"potentialAction\":[{\"@type\":\"ReadAction\",\"target\":[\"https:\/\/www.swedishrope.com\/se\/produkt\/tillbehor-metallfjader\/\"]}]},{\"@type\":\"ImageObject\",\"inLanguage\":\"en-US\",\"@id\":\"https:\/\/www.swedishrope.com\/se\/produkt\/tillbehor-metallfjader\/#primaryimage\",\"url\":\"https:\/\/www.swedishrope.com\/se\/wp-content\/uploads\/2022\/11\/Fortojningsfjadrar-metall-produktbild1.jpg\",\"contentUrl\":\"https:\/\/www.swedishrope.com\/se\/wp-content\/uploads\/2022\/11\/Fortojningsfjadrar-metall-produktbild1.jpg\",\"width\":1000,\"height\":1000},{\"@type\":\"BreadcrumbList\",\"@id\":\"https:\/\/www.swedishrope.com\/se\/produkt\/tillbehor-metallfjader\/#breadcrumb\",\"itemListElement\":[{\"@type\":\"ListItem\",\"position\":1,\"name\":\"Home\",\"item\":\"https:\/\/www.swedishrope.com\/se\/\"},{\"@type\":\"ListItem\",\"position\":2,\"name\":\"Products\",\"item\":\"https:\/\/www.swedishrope.com\/se\/shop\/\"},{\"@type\":\"ListItem\",\"position\":3,\"name\":\"Metallfj\u00e4der\"}]},{\"@type\":\"WebSite\",\"@id\":\"https:\/\/www.swedishrope.com\/se\/#website\",\"url\":\"https:\/\/www.swedishrope.com\/se\/\",\"name\":\"Swedish Rope | Ropes, hawsers, cords and twines\",\"description\":\"&quot;Vi sl\u00e5r det mesta!&quot;\",\"publisher\":{\"@id\":\"https:\/\/www.swedishrope.com\/se\/#organization\"},\"potentialAction\":[{\"@type\":\"SearchAction\",\"target\":{\"@type\":\"EntryPoint\",\"urlTemplate\":\"https:\/\/www.swedishrope.com\/se\/?s={search_term_string}\"},\"query-input\":{\"@type\":\"PropertyValueSpecification\",\"valueRequired\":true,\"valueName\":\"search_term_string\"}}],\"inLanguage\":\"en-US\"},{\"@type\":\"Organization\",\"@id\":\"https:\/\/www.swedishrope.com\/se\/#organization\",\"name\":\"Swedish Rope\",\"url\":\"https:\/\/www.swedishrope.com\/se\/\",\"logo\":{\"@type\":\"ImageObject\",\"inLanguage\":\"en-US\",\"@id\":\"https:\/\/www.swedishrope.com\/se\/#\/schema\/logo\/image\/\",\"url\":\"http:\/\/www.swedishrope.com\/se\/wp-content\/uploads\/2019\/07\/cropped-Logga-circular-SR.png\",\"contentUrl\":\"http:\/\/www.swedishrope.com\/se\/wp-content\/uploads\/2019\/07\/cropped-Logga-circular-SR.png\",\"width\":1843,\"height\":1840,\"caption\":\"Swedish Rope\"},\"image\":{\"@id\":\"https:\/\/www.swedishrope.com\/se\/#\/schema\/logo\/image\/\"},\"sameAs\":[\"https:\/\/www.facebook.com\/swedishrope\",\"https:\/\/www.instagram.com\/swedishrope\/\"]}]}<\/script>\n<!-- \/ Yoast SEO plugin. -->","yoast_head_json":{"title":"Metallfj\u00e4der - Swedish Rope | Rep, tross, linor och sn\u00f6ren","description":"F\u00f6rt\u00f6jningsfj\u00e4drar i metall minskar belastningen p\u00e5 f\u00f6rt\u00f6jningslinorna och g\u00f6r att din b\u00e5t ligger tryggare i hamn.","robots":{"index":"index","follow":"follow","max-snippet":"max-snippet:-1","max-image-preview":"max-image-preview:large","max-video-preview":"max-video-preview:-1"},"canonical":"https:\/\/www.swedishrope.com\/se\/produkt\/tillbehor-metallfjader\/","og_locale":"en_US","og_type":"article","og_title":"Metallfj\u00e4der - Swedish Rope | Rep, tross, linor och sn\u00f6ren","og_description":"F\u00f6rt\u00f6jningsfj\u00e4drar i metall minskar belastningen p\u00e5 f\u00f6rt\u00f6jningslinorna och g\u00f6r att din b\u00e5t ligger tryggare i hamn.","og_url":"https:\/\/www.swedishrope.com\/se\/produkt\/tillbehor-metallfjader\/","og_site_name":"Swedish Rope | Rep, tross, linor och sn\u00f6ren","article_publisher":"https:\/\/www.facebook.com\/swedishrope","article_modified_time":"2026-03-02T10:21:58+00:00","og_image":[{"width":1000,"height":1000,"url":"http:\/\/www.swedishrope.com\/se\/wp-content\/uploads\/2022\/11\/Fortojningsfjadrar-metall-produktbild1.jpg","type":"image\/jpeg"}],"twitter_card":"summary_large_image","twitter_misc":{"Est. reading time":"2 minutes"},"schema":{"@context":"https:\/\/schema.org","@graph":[{"@type":"WebPage","@id":"https:\/\/www.swedishrope.com\/se\/produkt\/tillbehor-metallfjader\/","url":"https:\/\/www.swedishrope.com\/se\/produkt\/tillbehor-metallfjader\/","name":"Metallfj\u00e4der - Swedish Rope | Rep, tross, linor och sn\u00f6ren","isPartOf":{"@id":"https:\/\/www.swedishrope.com\/se\/#website"},"primaryImageOfPage":{"@id":"https:\/\/www.swedishrope.com\/se\/produkt\/tillbehor-metallfjader\/#primaryimage"},"image":{"@id":"https:\/\/www.swedishrope.com\/se\/produkt\/tillbehor-metallfjader\/#primaryimage"},"thumbnailUrl":"https:\/\/www.swedishrope.com\/se\/wp-content\/uploads\/2022\/11\/Fortojningsfjadrar-metall-produktbild1.jpg","datePublished":"2022-11-11T13:31:06+00:00","dateModified":"2026-03-02T10:21:58+00:00","description":"F\u00f6rt\u00f6jningsfj\u00e4drar i metall minskar belastningen p\u00e5 f\u00f6rt\u00f6jningslinorna och g\u00f6r att din b\u00e5t ligger tryggare i hamn.","breadcrumb":{"@id":"https:\/\/www.swedishrope.com\/se\/produkt\/tillbehor-metallfjader\/#breadcrumb"},"inLanguage":"en-US","potentialAction":[{"@type":"ReadAction","target":["https:\/\/www.swedishrope.com\/se\/produkt\/tillbehor-metallfjader\/"]}]},{"@type":"ImageObject","inLanguage":"en-US","@id":"https:\/\/www.swedishrope.com\/se\/produkt\/tillbehor-metallfjader\/#primaryimage","url":"https:\/\/www.swedishrope.com\/se\/wp-content\/uploads\/2022\/11\/Fortojningsfjadrar-metall-produktbild1.jpg","contentUrl":"https:\/\/www.swedishrope.com\/se\/wp-content\/uploads\/2022\/11\/Fortojningsfjadrar-metall-produktbild1.jpg","width":1000,"height":1000},{"@type":"BreadcrumbList","@id":"https:\/\/www.swedishrope.com\/se\/produkt\/tillbehor-metallfjader\/#breadcrumb","itemListElement":[{"@type":"ListItem","position":1,"name":"Home","item":"https:\/\/www.swedishrope.com\/se\/"},{"@type":"ListItem","position":2,"name":"Products","item":"https:\/\/www.swedishrope.com\/se\/shop\/"},{"@type":"ListItem","position":3,"name":"Metallfj\u00e4der"}]},{"@type":"WebSite","@id":"https:\/\/www.swedishrope.com\/se\/#website","url":"https:\/\/www.swedishrope.com\/se\/","name":"Swedish Rope | Ropes, hawsers, cords and twines","description":"&quot;Vi sl\u00e5r det mesta!&quot;","publisher":{"@id":"https:\/\/www.swedishrope.com\/se\/#organization"},"potentialAction":[{"@type":"SearchAction","target":{"@type":"EntryPoint","urlTemplate":"https:\/\/www.swedishrope.com\/se\/?s={search_term_string}"},"query-input":{"@type":"PropertyValueSpecification","valueRequired":true,"valueName":"search_term_string"}}],"inLanguage":"en-US"},{"@type":"Organization","@id":"https:\/\/www.swedishrope.com\/se\/#organization","name":"Swedish Rope","url":"https:\/\/www.swedishrope.com\/se\/","logo":{"@type":"ImageObject","inLanguage":"en-US","@id":"https:\/\/www.swedishrope.com\/se\/#\/schema\/logo\/image\/","url":"http:\/\/www.swedishrope.com\/se\/wp-content\/uploads\/2019\/07\/cropped-Logga-circular-SR.png","contentUrl":"http:\/\/www.swedishrope.com\/se\/wp-content\/uploads\/2019\/07\/cropped-Logga-circular-SR.png","width":1843,"height":1840,"caption":"Swedish Rope"},"image":{"@id":"https:\/\/www.swedishrope.com\/se\/#\/schema\/logo\/image\/"},"sameAs":["https:\/\/www.facebook.com\/swedishrope","https:\/\/www.instagram.com\/swedishrope\/"]}]}},"_links":{"self":[{"href":"https:\/\/www.swedishrope.com\/se\/wp-json\/wp\/v2\/product\/79046","targetHints":{"allow":["GET"]}}],"collection":[{"href":"https:\/\/www.swedishrope.com\/se\/wp-json\/wp\/v2\/product"}],"about":[{"href":"https:\/\/www.swedishrope.com\/se\/wp-json\/wp\/v2\/types\/product"}],"replies":[{"embeddable":true,"href":"https:\/\/www.swedishrope.com\/se\/wp-json\/wp\/v2\/comments?post=79046"}],"version-history":[{"count":22,"href":"https:\/\/www.swedishrope.com\/se\/wp-json\/wp\/v2\/product\/79046\/revisions"}],"predecessor-version":[{"id":85630,"href":"https:\/\/www.swedishrope.com\/se\/wp-json\/wp\/v2\/product\/79046\/revisions\/85630"}],"wp:featuredmedia":[{"embeddable":true,"href":"https:\/\/www.swedishrope.com\/se\/wp-json\/wp\/v2\/media\/79048"}],"wp:attachment":[{"href":"https:\/\/www.swedishrope.com\/se\/wp-json\/wp\/v2\/media?parent=79046"}],"wp:term":[{"taxonomy":"product_brand","embeddable":true,"href":"https:\/\/www.swedishrope.com\/se\/wp-json\/wp\/v2\/product_brand?post=79046"},{"taxonomy":"product_cat","embeddable":true,"href":"https:\/\/www.swedishrope.com\/se\/wp-json\/wp\/v2\/product_cat?post=79046"},{"taxonomy":"product_tag","embeddable":true,"href":"https:\/\/www.swedishrope.com\/se\/wp-json\/wp\/v2\/product_tag?post=79046"}],"curies":[{"name":"wp","href":"https:\/\/api.w.org\/{rel}","templated":true}]}}