{"id":79089,"date":"2022-12-08T07:22:46","date_gmt":"2022-12-08T06:22:46","guid":{"rendered":"http:\/\/www.swedishrope.com\/se\/?post_type=product&#038;p=79089"},"modified":"2026-03-02T11:18:09","modified_gmt":"2026-03-02T10:18:09","slug":"tillbehor-bryggkatting-varmgalvaniserad","status":"publish","type":"product","link":"https:\/\/www.swedishrope.com\/se\/produkt\/tillbehor-bryggkatting-varmgalvaniserad\/","title":{"rendered":"K\u00e4tting, galvaniserad"},"content":{"rendered":"\t\t<div data-elementor-type=\"product-post\" data-elementor-id=\"79089\" class=\"elementor elementor-79089\" data-elementor-post-type=\"product\">\n\t\t\t\t<div class=\"elementor-element elementor-element-41c0b40b e-con-full e-flex e-con e-parent\" data-id=\"41c0b40b\" data-element_type=\"container\" data-e-type=\"container\">\n\t\t<div class=\"elementor-element elementor-element-73231703 e-con-full e-flex e-con e-child\" data-id=\"73231703\" data-element_type=\"container\" data-e-type=\"container\">\n\t\t\t\t<div class=\"elementor-element elementor-element-e86b32e elementor-widget elementor-widget-heading\" data-id=\"e86b32e\" data-element_type=\"widget\" data-e-type=\"widget\" data-widget_type=\"heading.default\">\n\t\t\t\t<div class=\"elementor-widget-container\">\n\t\t\t\t\t<h2 class=\"elementor-heading-title elementor-size-default\">Beskrivning<\/h2>\t\t\t\t<\/div>\n\t\t\t\t<\/div>\n\t\t\t\t<div class=\"elementor-element elementor-element-29a34c1 elementor-widget elementor-widget-text-editor\" data-id=\"29a34c1\" data-element_type=\"widget\" data-e-type=\"widget\" data-widget_type=\"text-editor.default\">\n\t\t\t\t<div class=\"elementor-widget-container\">\n\t\t\t\t\t\t\t\t\t<p><strong>Varmgalvaniserad l\u00e5ngl\u00e4nkad k\u00e4tting<\/strong> f\u00f6r anv\u00e4ndning i marina milj\u00f6er.<\/p><p><strong>Material och egenskaper:<\/strong> K\u00e4ttingen har genomg\u00e5tt en varmgalvaniseringsprocess, vilket ger den en extra skyddande zinkbel\u00e4ggning f\u00f6r att \u00f6ka dess h\u00e5llbarhet och motst\u00e5ndskraft mot korrosion. K\u00e4ttingen \u00e4r tillverkad i enlighet med DIN763-normen Grade 40, eller Klass 4 som den ocks\u00e5 kallas. K\u00e4ttingen \u00e4r l\u00e5ngl\u00e4nkad vilket g\u00f6r det enkelt att montera beslag eller f\u00e4sten i \u00e4nden p\u00e5 k\u00e4ttingen. Det g\u00f6r den ocks\u00e5 l\u00e4ttare \u00e4n kortl\u00e4nkad k\u00e4tting utan att begr\u00e4nsas i styrka.<\/p><p><strong>Anv\u00e4ndningsomr\u00e5den:<\/strong> L\u00e5ngl\u00e4nkad, varmgalvad k\u00e4tting klass 4 anv\u00e4nds i huvudsak i marina milj\u00f6er till f\u00f6rt\u00f6jning och f\u00f6rankring. Nedan n\u00e5gra exempel p\u00e5 vad k\u00e4ttingen kan anv\u00e4ndas till:<\/p><ul><li><strong>Bryggf\u00f6rt\u00f6jning:<\/strong> Varmgalvaniserad l\u00e5ngl\u00e4nkad k\u00e4tting anv\u00e4nds ofta f\u00f6r bryggf\u00f6rt\u00f6jning. Dess h\u00f6ga motst\u00e5ndskraft mot korrosion och robusta konstruktion g\u00f6r den till ett p\u00e5litligt val f\u00f6r att s\u00e4kra b\u00e5tar och fartyg vid bryggor. Den ger stabilitet och s\u00e4kerhet i varierande v\u00e4derf\u00f6rh\u00e5llanden och milj\u00f6er.<\/li><li><strong>Bojf\u00f6rt\u00f6jning:<\/strong> K\u00e4ttingen \u00e4r ocks\u00e5 l\u00e4mplig f\u00f6r bojf\u00f6rt\u00f6jning, d\u00e4r den anv\u00e4nds som l\u00e4nk mellan bojsten eller P-ring och bojen.<\/li><\/ul><p><strong>F\u00f6rdelar:<\/strong> Varmgalvaniserad l\u00e5ngl\u00e4nkad k\u00e4tting \u00e4r ett p\u00e5litligt val i marina milj\u00f6er d\u00e4r motst\u00e5ndskraft mot korrosion och h\u00e5llbarhet \u00e4r av yttersta vikt. Minst 75 \u00b5m galvanisering ger k\u00e4ttingen extra korrosionsskydd i vatten och hav med h\u00f6gre salthalter.<\/p>\t\t\t\t\t\t\t\t<\/div>\n\t\t\t\t<\/div>\n\t\t\t\t<\/div>\n\t\t<div class=\"elementor-element elementor-element-7fd65eec e-con-full e-flex e-con e-child\" data-id=\"7fd65eec\" data-element_type=\"container\" data-e-type=\"container\">\n\t\t\t\t<div class=\"elementor-element elementor-element-2bafe96f elementor-widget elementor-widget-heading\" data-id=\"2bafe96f\" data-element_type=\"widget\" data-e-type=\"widget\" data-widget_type=\"heading.default\">\n\t\t\t\t<div class=\"elementor-widget-container\">\n\t\t\t\t\t<h2 class=\"elementor-heading-title elementor-size-default\">Tabell<\/h2>\t\t\t\t<\/div>\n\t\t\t\t<\/div>\n\t\t\t\t<div class=\"elementor-element elementor-element-93da7d6 elementor-widget elementor-widget-shortcode\" data-id=\"93da7d6\" data-element_type=\"widget\" data-e-type=\"widget\" data-widget_type=\"shortcode.default\">\n\t\t\t\t<div class=\"elementor-widget-container\">\n\t\t\t\t\t\t\t<div class=\"elementor-shortcode\">\n<table id=\"tablepress-4-10-kattingsv\" class=\"tablepress tablepress-id-4-10-kattingsv\">\n<thead>\n<tr class=\"row-1\">\n\t<th class=\"column-1\">Diameter<br \/>\n[mm]<br \/>\n<\/th><th class=\"column-2\">Inv. l\u00e4ngd<br \/>\n[mm]<\/th><th class=\"column-3\">Inv. bredd<br \/>\n[mm]<\/th><th class=\"column-4\">Brottlast<br \/>\n[ton]<\/th><th class=\"column-5\">Vikt<br \/>\n[kg\/m]<\/th>\n<\/tr>\n<\/thead>\n<tbody class=\"row-striping row-hover\">\n<tr class=\"row-2\">\n\t<td class=\"column-1\">6<\/td><td class=\"column-2\">42<\/td><td class=\"column-3\">12<\/td><td class=\"column-4\">1,4<\/td><td class=\"column-5\">0,63<\/td>\n<\/tr>\n<tr class=\"row-3\">\n\t<td class=\"column-1\">8<\/td><td class=\"column-2\">52<\/td><td class=\"column-3\">16<\/td><td class=\"column-4\">2,5<\/td><td class=\"column-5\">1,10<\/td>\n<\/tr>\n<tr class=\"row-4\">\n\t<td class=\"column-1\">10<\/td><td class=\"column-2\">65<\/td><td class=\"column-3\">22<\/td><td class=\"column-4\">4<\/td><td class=\"column-5\">1,75<\/td>\n<\/tr>\n<tr class=\"row-5\">\n\t<td class=\"column-1\">13<\/td><td class=\"column-2\">82<\/td><td class=\"column-3\">24<\/td><td class=\"column-4\">6,3<\/td><td class=\"column-5\">2,95<\/td>\n<\/tr>\n<tr class=\"row-6\">\n\t<td class=\"column-1\">16<\/td><td class=\"column-2\">100<\/td><td class=\"column-3\">30<\/td><td class=\"column-4\">10<\/td><td class=\"column-5\">4,45<\/td>\n<\/tr>\n<tr class=\"row-7\">\n\t<td class=\"column-1\">19<\/td><td class=\"column-2\">123<\/td><td class=\"column-3\">32<\/td><td class=\"column-4\">18<\/td><td class=\"column-5\">6,25<\/td>\n<\/tr>\n<tr class=\"row-8\">\n\t<td class=\"column-1\">22<\/td><td class=\"column-2\">127<\/td><td class=\"column-3\">38<\/td><td class=\"column-4\">19<\/td><td class=\"column-5\">8,55<\/td>\n<\/tr>\n<tr class=\"row-9\">\n\t<td class=\"column-1\">25<\/td><td class=\"column-2\">140<\/td><td class=\"column-3\">35<\/td><td class=\"column-4\">25<\/td><td class=\"column-5\">10,9<\/td>\n<\/tr>\n<tr class=\"row-10\">\n\t<td class=\"column-1\">28<\/td><td class=\"column-2\">152<\/td><td class=\"column-3\">40<\/td><td class=\"column-4\">30<\/td><td class=\"column-5\">13,9<\/td>\n<\/tr>\n<tr class=\"row-11\">\n\t<td class=\"column-1\">32<\/td><td class=\"column-2\">171<\/td><td class=\"column-3\">36<\/td><td class=\"column-4\">40<\/td><td class=\"column-5\">18,2<\/td>\n<\/tr>\n<\/tbody>\n<\/table>\n<!-- #tablepress-4-10-kattingsv from cache --><\/div>\n\t\t\t\t\t\t<\/div>\n\t\t\t\t<\/div>\n\t\t\t\t<\/div>\n\t\t\t\t<\/div>\n\t\t\t\t<\/div>\n\t\t","protected":false},"excerpt":{"rendered":"<p class=\"p1\">Varmgalvad, l\u00e5ngl\u00e4nkad k\u00e4tting klass 4.<\/p>\n<p class=\"p1\"><b>Anv\u00e4ndningsomr\u00e5den:<\/b><\/p>\n<ul class=\"ul1\">\n<li class=\"li2\">Bryggf\u00f6rt\u00f6jning<\/li>\n<li>Bojf\u00f6rt\u00f6jning<\/li>\n<li>F\u00f6rankring i marina milj\u00f6er<\/li>\n<\/ul>\n<h5>Handla i v\u00e5r webbshop, repbutiken.se:<\/h5>\n<p><a href=\"https:\/\/repbutiken.se\/anvandningsomraden\/industri-bygg\/katting-varmgalvad-langlankad\/\" class=\"button\" target=\"_blank\" rel=\"noopener\">K\u00f6p nu<\/a><\/p>\n<h5>Kontakta oss med en f\u00f6rfr\u00e5gan:<\/h5>\n<p><a href=\"\/se\/kontakt\/\" class=\"button\">Beg\u00e4r offert<\/a><\/p>\n","protected":false},"featured_media":83275,"comment_status":"closed","ping_status":"closed","template":"","meta":[],"product_brand":[],"product_cat":[549,42,43,551,37,41],"product_tag":[1306,56,57,1305,58,399,400,863,877,1209,1307],"class_list":{"0":"post-79089","1":"product","2":"type-product","3":"status-publish","4":"has-post-thumbnail","6":"product_cat-fritidsbatar-marint","7":"product_cat-industri-infrastruktur","8":"product_cat-jarn-bygg","9":"product_cat-specialprojekt-tekniska-losningar","10":"product_cat-ovriga-produkter","11":"product_cat-yrkessjofart","12":"product_tag-bojkatting","13":"product_tag-brygga","14":"product_tag-bryggfortojning","15":"product_tag-bryggkatting","16":"product_tag-fortojning","17":"product_tag-galv","18":"product_tag-galvaniserat","19":"product_tag-hdg-en","20":"product_tag-hot-dip-galvanized-en","21":"product_tag-katting","22":"product_tag-langlankad-katting","24":"first","25":"instock","26":"shipping-taxable","27":"product-type-simple"},"yoast_head":"<!-- This site is optimized with the Yoast SEO plugin v27.1.1 - https:\/\/yoast.com\/product\/yoast-seo-wordpress\/ -->\n<title>Bryggk\u00e4tting, varmgalvad - Swedish Rope | Rep, tross, linor och sn\u00f6ren<\/title>\n<meta name=\"description\" content=\"Varmgalvad, l\u00e5ngl\u00e4nkad k\u00e4tting klass 4. K\u00e4ttingen \u00e4r Hot-Dip Galvanized (HDG) och tillverkad och klassad i enlighet med DIN763-normen.\" \/>\n<meta name=\"robots\" content=\"index, follow, max-snippet:-1, max-image-preview:large, max-video-preview:-1\" \/>\n<link rel=\"canonical\" href=\"https:\/\/www.swedishrope.com\/se\/produkt\/tillbehor-bryggkatting-varmgalvaniserad\/\" \/>\n<meta property=\"og:locale\" content=\"en_US\" \/>\n<meta property=\"og:type\" content=\"article\" \/>\n<meta property=\"og:title\" content=\"Bryggk\u00e4tting, varmgalvad - Swedish Rope | Rep, tross, linor och sn\u00f6ren\" \/>\n<meta property=\"og:description\" content=\"Varmgalvad, l\u00e5ngl\u00e4nkad k\u00e4tting klass 4. K\u00e4ttingen \u00e4r Hot-Dip Galvanized (HDG) och tillverkad och klassad i enlighet med DIN763-normen.\" \/>\n<meta property=\"og:url\" content=\"https:\/\/www.swedishrope.com\/se\/produkt\/tillbehor-bryggkatting-varmgalvaniserad\/\" \/>\n<meta property=\"og:site_name\" content=\"Swedish Rope | Rep, tross, linor och sn\u00f6ren\" \/>\n<meta property=\"article:publisher\" content=\"https:\/\/www.facebook.com\/swedishrope\" \/>\n<meta property=\"article:modified_time\" content=\"2026-03-02T10:18:09+00:00\" \/>\n<meta property=\"og:image\" content=\"http:\/\/www.swedishrope.com\/se\/wp-content\/uploads\/2022\/12\/Katting-1.jpg\" \/>\n\t<meta property=\"og:image:width\" content=\"1080\" \/>\n\t<meta property=\"og:image:height\" content=\"1080\" \/>\n\t<meta property=\"og:image:type\" content=\"image\/jpeg\" \/>\n<meta name=\"twitter:card\" content=\"summary_large_image\" \/>\n<meta name=\"twitter:label1\" content=\"Est. reading time\" \/>\n\t<meta name=\"twitter:data1\" content=\"2 minutes\" \/>\n<script type=\"application\/ld+json\" class=\"yoast-schema-graph\">{\"@context\":\"https:\/\/schema.org\",\"@graph\":[{\"@type\":\"WebPage\",\"@id\":\"https:\/\/www.swedishrope.com\/se\/produkt\/tillbehor-bryggkatting-varmgalvaniserad\/\",\"url\":\"https:\/\/www.swedishrope.com\/se\/produkt\/tillbehor-bryggkatting-varmgalvaniserad\/\",\"name\":\"Bryggk\u00e4tting, varmgalvad - Swedish Rope | Rep, tross, linor och sn\u00f6ren\",\"isPartOf\":{\"@id\":\"https:\/\/www.swedishrope.com\/se\/#website\"},\"primaryImageOfPage\":{\"@id\":\"https:\/\/www.swedishrope.com\/se\/produkt\/tillbehor-bryggkatting-varmgalvaniserad\/#primaryimage\"},\"image\":{\"@id\":\"https:\/\/www.swedishrope.com\/se\/produkt\/tillbehor-bryggkatting-varmgalvaniserad\/#primaryimage\"},\"thumbnailUrl\":\"https:\/\/www.swedishrope.com\/se\/wp-content\/uploads\/2022\/12\/Katting-1.jpg\",\"datePublished\":\"2022-12-08T06:22:46+00:00\",\"dateModified\":\"2026-03-02T10:18:09+00:00\",\"description\":\"Varmgalvad, l\u00e5ngl\u00e4nkad k\u00e4tting klass 4. K\u00e4ttingen \u00e4r Hot-Dip Galvanized (HDG) och tillverkad och klassad i enlighet med DIN763-normen.\",\"breadcrumb\":{\"@id\":\"https:\/\/www.swedishrope.com\/se\/produkt\/tillbehor-bryggkatting-varmgalvaniserad\/#breadcrumb\"},\"inLanguage\":\"en-US\",\"potentialAction\":[{\"@type\":\"ReadAction\",\"target\":[\"https:\/\/www.swedishrope.com\/se\/produkt\/tillbehor-bryggkatting-varmgalvaniserad\/\"]}]},{\"@type\":\"ImageObject\",\"inLanguage\":\"en-US\",\"@id\":\"https:\/\/www.swedishrope.com\/se\/produkt\/tillbehor-bryggkatting-varmgalvaniserad\/#primaryimage\",\"url\":\"https:\/\/www.swedishrope.com\/se\/wp-content\/uploads\/2022\/12\/Katting-1.jpg\",\"contentUrl\":\"https:\/\/www.swedishrope.com\/se\/wp-content\/uploads\/2022\/12\/Katting-1.jpg\",\"width\":1080,\"height\":1080},{\"@type\":\"BreadcrumbList\",\"@id\":\"https:\/\/www.swedishrope.com\/se\/produkt\/tillbehor-bryggkatting-varmgalvaniserad\/#breadcrumb\",\"itemListElement\":[{\"@type\":\"ListItem\",\"position\":1,\"name\":\"Home\",\"item\":\"https:\/\/www.swedishrope.com\/se\/\"},{\"@type\":\"ListItem\",\"position\":2,\"name\":\"Products\",\"item\":\"https:\/\/www.swedishrope.com\/se\/shop\/\"},{\"@type\":\"ListItem\",\"position\":3,\"name\":\"K\u00e4tting, galvaniserad\"}]},{\"@type\":\"WebSite\",\"@id\":\"https:\/\/www.swedishrope.com\/se\/#website\",\"url\":\"https:\/\/www.swedishrope.com\/se\/\",\"name\":\"Swedish Rope | Ropes, hawsers, cords and twines\",\"description\":\"&quot;Vi sl\u00e5r det mesta!&quot;\",\"publisher\":{\"@id\":\"https:\/\/www.swedishrope.com\/se\/#organization\"},\"potentialAction\":[{\"@type\":\"SearchAction\",\"target\":{\"@type\":\"EntryPoint\",\"urlTemplate\":\"https:\/\/www.swedishrope.com\/se\/?s={search_term_string}\"},\"query-input\":{\"@type\":\"PropertyValueSpecification\",\"valueRequired\":true,\"valueName\":\"search_term_string\"}}],\"inLanguage\":\"en-US\"},{\"@type\":\"Organization\",\"@id\":\"https:\/\/www.swedishrope.com\/se\/#organization\",\"name\":\"Swedish Rope\",\"url\":\"https:\/\/www.swedishrope.com\/se\/\",\"logo\":{\"@type\":\"ImageObject\",\"inLanguage\":\"en-US\",\"@id\":\"https:\/\/www.swedishrope.com\/se\/#\/schema\/logo\/image\/\",\"url\":\"http:\/\/www.swedishrope.com\/se\/wp-content\/uploads\/2019\/07\/cropped-Logga-circular-SR.png\",\"contentUrl\":\"http:\/\/www.swedishrope.com\/se\/wp-content\/uploads\/2019\/07\/cropped-Logga-circular-SR.png\",\"width\":1843,\"height\":1840,\"caption\":\"Swedish Rope\"},\"image\":{\"@id\":\"https:\/\/www.swedishrope.com\/se\/#\/schema\/logo\/image\/\"},\"sameAs\":[\"https:\/\/www.facebook.com\/swedishrope\",\"https:\/\/www.instagram.com\/swedishrope\/\"]}]}<\/script>\n<!-- \/ Yoast SEO plugin. -->","yoast_head_json":{"title":"Bryggk\u00e4tting, varmgalvad - Swedish Rope | Rep, tross, linor och sn\u00f6ren","description":"Varmgalvad, l\u00e5ngl\u00e4nkad k\u00e4tting klass 4. K\u00e4ttingen \u00e4r Hot-Dip Galvanized (HDG) och tillverkad och klassad i enlighet med DIN763-normen.","robots":{"index":"index","follow":"follow","max-snippet":"max-snippet:-1","max-image-preview":"max-image-preview:large","max-video-preview":"max-video-preview:-1"},"canonical":"https:\/\/www.swedishrope.com\/se\/produkt\/tillbehor-bryggkatting-varmgalvaniserad\/","og_locale":"en_US","og_type":"article","og_title":"Bryggk\u00e4tting, varmgalvad - Swedish Rope | Rep, tross, linor och sn\u00f6ren","og_description":"Varmgalvad, l\u00e5ngl\u00e4nkad k\u00e4tting klass 4. K\u00e4ttingen \u00e4r Hot-Dip Galvanized (HDG) och tillverkad och klassad i enlighet med DIN763-normen.","og_url":"https:\/\/www.swedishrope.com\/se\/produkt\/tillbehor-bryggkatting-varmgalvaniserad\/","og_site_name":"Swedish Rope | Rep, tross, linor och sn\u00f6ren","article_publisher":"https:\/\/www.facebook.com\/swedishrope","article_modified_time":"2026-03-02T10:18:09+00:00","og_image":[{"width":1080,"height":1080,"url":"http:\/\/www.swedishrope.com\/se\/wp-content\/uploads\/2022\/12\/Katting-1.jpg","type":"image\/jpeg"}],"twitter_card":"summary_large_image","twitter_misc":{"Est. reading time":"2 minutes"},"schema":{"@context":"https:\/\/schema.org","@graph":[{"@type":"WebPage","@id":"https:\/\/www.swedishrope.com\/se\/produkt\/tillbehor-bryggkatting-varmgalvaniserad\/","url":"https:\/\/www.swedishrope.com\/se\/produkt\/tillbehor-bryggkatting-varmgalvaniserad\/","name":"Bryggk\u00e4tting, varmgalvad - Swedish Rope | Rep, tross, linor och sn\u00f6ren","isPartOf":{"@id":"https:\/\/www.swedishrope.com\/se\/#website"},"primaryImageOfPage":{"@id":"https:\/\/www.swedishrope.com\/se\/produkt\/tillbehor-bryggkatting-varmgalvaniserad\/#primaryimage"},"image":{"@id":"https:\/\/www.swedishrope.com\/se\/produkt\/tillbehor-bryggkatting-varmgalvaniserad\/#primaryimage"},"thumbnailUrl":"https:\/\/www.swedishrope.com\/se\/wp-content\/uploads\/2022\/12\/Katting-1.jpg","datePublished":"2022-12-08T06:22:46+00:00","dateModified":"2026-03-02T10:18:09+00:00","description":"Varmgalvad, l\u00e5ngl\u00e4nkad k\u00e4tting klass 4. K\u00e4ttingen \u00e4r Hot-Dip Galvanized (HDG) och tillverkad och klassad i enlighet med DIN763-normen.","breadcrumb":{"@id":"https:\/\/www.swedishrope.com\/se\/produkt\/tillbehor-bryggkatting-varmgalvaniserad\/#breadcrumb"},"inLanguage":"en-US","potentialAction":[{"@type":"ReadAction","target":["https:\/\/www.swedishrope.com\/se\/produkt\/tillbehor-bryggkatting-varmgalvaniserad\/"]}]},{"@type":"ImageObject","inLanguage":"en-US","@id":"https:\/\/www.swedishrope.com\/se\/produkt\/tillbehor-bryggkatting-varmgalvaniserad\/#primaryimage","url":"https:\/\/www.swedishrope.com\/se\/wp-content\/uploads\/2022\/12\/Katting-1.jpg","contentUrl":"https:\/\/www.swedishrope.com\/se\/wp-content\/uploads\/2022\/12\/Katting-1.jpg","width":1080,"height":1080},{"@type":"BreadcrumbList","@id":"https:\/\/www.swedishrope.com\/se\/produkt\/tillbehor-bryggkatting-varmgalvaniserad\/#breadcrumb","itemListElement":[{"@type":"ListItem","position":1,"name":"Home","item":"https:\/\/www.swedishrope.com\/se\/"},{"@type":"ListItem","position":2,"name":"Products","item":"https:\/\/www.swedishrope.com\/se\/shop\/"},{"@type":"ListItem","position":3,"name":"K\u00e4tting, galvaniserad"}]},{"@type":"WebSite","@id":"https:\/\/www.swedishrope.com\/se\/#website","url":"https:\/\/www.swedishrope.com\/se\/","name":"Swedish Rope | Ropes, hawsers, cords and twines","description":"&quot;Vi sl\u00e5r det mesta!&quot;","publisher":{"@id":"https:\/\/www.swedishrope.com\/se\/#organization"},"potentialAction":[{"@type":"SearchAction","target":{"@type":"EntryPoint","urlTemplate":"https:\/\/www.swedishrope.com\/se\/?s={search_term_string}"},"query-input":{"@type":"PropertyValueSpecification","valueRequired":true,"valueName":"search_term_string"}}],"inLanguage":"en-US"},{"@type":"Organization","@id":"https:\/\/www.swedishrope.com\/se\/#organization","name":"Swedish Rope","url":"https:\/\/www.swedishrope.com\/se\/","logo":{"@type":"ImageObject","inLanguage":"en-US","@id":"https:\/\/www.swedishrope.com\/se\/#\/schema\/logo\/image\/","url":"http:\/\/www.swedishrope.com\/se\/wp-content\/uploads\/2019\/07\/cropped-Logga-circular-SR.png","contentUrl":"http:\/\/www.swedishrope.com\/se\/wp-content\/uploads\/2019\/07\/cropped-Logga-circular-SR.png","width":1843,"height":1840,"caption":"Swedish Rope"},"image":{"@id":"https:\/\/www.swedishrope.com\/se\/#\/schema\/logo\/image\/"},"sameAs":["https:\/\/www.facebook.com\/swedishrope","https:\/\/www.instagram.com\/swedishrope\/"]}]}},"_links":{"self":[{"href":"https:\/\/www.swedishrope.com\/se\/wp-json\/wp\/v2\/product\/79089","targetHints":{"allow":["GET"]}}],"collection":[{"href":"https:\/\/www.swedishrope.com\/se\/wp-json\/wp\/v2\/product"}],"about":[{"href":"https:\/\/www.swedishrope.com\/se\/wp-json\/wp\/v2\/types\/product"}],"replies":[{"embeddable":true,"href":"https:\/\/www.swedishrope.com\/se\/wp-json\/wp\/v2\/comments?post=79089"}],"version-history":[{"count":23,"href":"https:\/\/www.swedishrope.com\/se\/wp-json\/wp\/v2\/product\/79089\/revisions"}],"predecessor-version":[{"id":85627,"href":"https:\/\/www.swedishrope.com\/se\/wp-json\/wp\/v2\/product\/79089\/revisions\/85627"}],"wp:featuredmedia":[{"embeddable":true,"href":"https:\/\/www.swedishrope.com\/se\/wp-json\/wp\/v2\/media\/83275"}],"wp:attachment":[{"href":"https:\/\/www.swedishrope.com\/se\/wp-json\/wp\/v2\/media?parent=79089"}],"wp:term":[{"taxonomy":"product_brand","embeddable":true,"href":"https:\/\/www.swedishrope.com\/se\/wp-json\/wp\/v2\/product_brand?post=79089"},{"taxonomy":"product_cat","embeddable":true,"href":"https:\/\/www.swedishrope.com\/se\/wp-json\/wp\/v2\/product_cat?post=79089"},{"taxonomy":"product_tag","embeddable":true,"href":"https:\/\/www.swedishrope.com\/se\/wp-json\/wp\/v2\/product_tag?post=79089"}],"curies":[{"name":"wp","href":"https:\/\/api.w.org\/{rel}","templated":true}]}}