{"id":81610,"date":"2023-11-02T14:42:06","date_gmt":"2023-11-02T13:42:06","guid":{"rendered":"http:\/\/www.swedishrope.com\/se\/?post_type=product&#038;p=81610"},"modified":"2026-03-02T10:52:10","modified_gmt":"2026-03-02T09:52:10","slug":"snoren-jutegarn","status":"publish","type":"product","link":"https:\/\/www.swedishrope.com\/se\/produkt\/snoren-jutegarn\/","title":{"rendered":"Jutegarn"},"content":{"rendered":"\t\t<div data-elementor-type=\"product-post\" data-elementor-id=\"81610\" class=\"elementor elementor-81610\" data-elementor-post-type=\"product\">\n\t\t\t\t<div class=\"elementor-element elementor-element-408c02bb e-con-full e-flex e-con e-parent\" data-id=\"408c02bb\" data-element_type=\"container\" data-e-type=\"container\">\n\t\t<div class=\"elementor-element elementor-element-7af11f9b e-con-full e-flex e-con e-child\" data-id=\"7af11f9b\" data-element_type=\"container\" data-e-type=\"container\">\n\t\t\t\t<div class=\"elementor-element elementor-element-1f0acc2f elementor-widget elementor-widget-heading\" data-id=\"1f0acc2f\" data-element_type=\"widget\" data-e-type=\"widget\" data-widget_type=\"heading.default\">\n\t\t\t\t<div class=\"elementor-widget-container\">\n\t\t\t\t\t<h2 class=\"elementor-heading-title elementor-size-default\">Beskrivning<\/h2>\t\t\t\t<\/div>\n\t\t\t\t<\/div>\n\t\t\t\t<div class=\"elementor-element elementor-element-1df96f23 elementor-widget elementor-widget-text-editor\" data-id=\"1df96f23\" data-element_type=\"widget\" data-e-type=\"widget\" data-widget_type=\"text-editor.default\">\n\t\t\t\t<div class=\"elementor-widget-container\">\n\t\t\t\t\t\t\t\t\t<p><strong>Jutegarn<\/strong> av h\u00f6gsta kvalitet kan anv\u00e4ndas till allt fr\u00e5n reptillverkning till att binda upp plantor i tr\u00e4dg\u00e5rden eller sl\u00e5 in paket.<\/p><p><strong>Material och egenskaper:<\/strong> Jutegarnet \u00e4r tillverkat av 100% naturlig och of\u00e4rgad jute. Fibern \u00e4r ljust beige till f\u00e4rgen och inneh\u00e5ller ingen JBO (Jute Batching Oil). Jutegarnerna \u00e4r allts\u00e5 &#8220;JBO free&#8221; vilket g\u00f6r dem ofarliga f\u00f6r milj\u00f6 och natur.<\/p><p><strong>Anv\u00e4ndningsomr\u00e5den:<\/strong> Jutegarnerna kan anv\u00e4ndas f\u00f6r olika projekt inom makram\u00e9, pyssel, v\u00e4vning och en rad andra kreativa till\u00e4mpningar.<\/p><ul><li><strong>Binda upp plantor:<\/strong> eftersom jutegarnet \u00e4r enkelt och milj\u00f6v\u00e4nligt kan det med f\u00f6rdel anv\u00e4ndas till att binda upp plantor b\u00e5de kommersiellt och i din egen tr\u00e4dg\u00e5rd och odlingsl\u00e5d. I Tyskland kallas jutegarn ofta f\u00f6r &#8220;Tomatentouw&#8221; vilket betyder tomatsn\u00f6re.<\/li><li><strong>V\u00e4vning:<\/strong> Som m\u00e5nga andra garn passar s\u00e5klart jutegarn ocks\u00e5 bra till att v\u00e4va av. Konst, mattor, dukar, pl\u00e4dar m.m. \u00e4r n\u00e5gra exempel p\u00e5 vad man kan skapa av jutegarn i v\u00e4vstolen.<\/li><li><strong>Bindgarn:<\/strong> som enkelt och milj\u00f6v\u00e4nligt emballagesn\u00f6re kan jutegarnet anv\u00e4ndas till att sl\u00e5 in paket och presenter.<\/li><\/ul><p>Jutegarnet \u00e4r naturfiber k\u00e4nd f\u00f6r sin anv\u00e4ndbarhet inom tillverkning av rep och sn\u00f6ren, s\u00e4ckar, emballage, paketinslagning, v\u00e4vning, makram\u00e9, pyssel och dekorationer. Dess naturliga nedbrytbarhet g\u00f6r det ocks\u00e5 till ett utm\u00e4rkt val f\u00f6r utomhusanv\u00e4ndning, s\u00e4rskilt f\u00f6r att binda upp v\u00e4xter och gr\u00f6dor.<\/p>\t\t\t\t\t\t\t\t<\/div>\n\t\t\t\t<\/div>\n\t\t\t\t<\/div>\n\t\t<div class=\"elementor-element elementor-element-6df1dac0 e-con-full e-flex e-con e-child\" data-id=\"6df1dac0\" data-element_type=\"container\" data-e-type=\"container\">\n\t\t\t\t<div class=\"elementor-element elementor-element-32a56905 elementor-widget elementor-widget-heading\" data-id=\"32a56905\" data-element_type=\"widget\" data-e-type=\"widget\" data-widget_type=\"heading.default\">\n\t\t\t\t<div class=\"elementor-widget-container\">\n\t\t\t\t\t<h2 class=\"elementor-heading-title elementor-size-default\">Specifikation<\/h2>\t\t\t\t<\/div>\n\t\t\t\t<\/div>\n\t\t\t\t<div class=\"elementor-element elementor-element-3edfbaad elementor-widget elementor-widget-shortcode\" data-id=\"3edfbaad\" data-element_type=\"widget\" data-e-type=\"widget\" data-widget_type=\"shortcode.default\">\n\t\t\t\t<div class=\"elementor-widget-container\">\n\t\t\t\t\t\t\t<div class=\"elementor-shortcode\">\n<table id=\"tablepress-165\" class=\"tablepress tablepress-id-165\">\n<thead>\n<tr class=\"row-1\">\n\t<th class=\"column-1\">Beteckning<\/th><th class=\"column-2\">Diameter<br \/>\n[mm]<\/th><th class=\"column-3\">Brottlast<br \/>\n[kp]<\/th><th class=\"column-4\">Vikt<br \/>\n[g\/m]<\/th>\n<\/tr>\n<\/thead>\n<tbody class=\"row-striping row-hover\">\n<tr class=\"row-2\">\n\t<td class=\"column-1\">1500\/3<\/td><td class=\"column-2\">2<\/td><td class=\"column-3\">22<\/td><td class=\"column-4\">2<\/td>\n<\/tr>\n<\/tbody>\n<\/table>\n<!-- #tablepress-165 from cache --><\/div>\n\t\t\t\t\t\t<\/div>\n\t\t\t\t<\/div>\n\t\t\t\t<\/div>\n\t\t\t\t<\/div>\n\t\t\t\t<\/div>\n\t\t","protected":false},"excerpt":{"rendered":"<p class=\"p1\"><b>Egenskaper:<\/b><\/p>\n<ul class=\"ul1\">\n<li class=\"li2\">Densitet: 1,40 g\/cm\u00b3<\/li>\n<li class=\"li2\">Sm\u00e4ltpunkt: Sm\u00e4lter ej<\/li>\n<li class=\"li2\">T\u00f6jning vid brott: ca 15%<\/li>\n<li class=\"li2\">N\u00f6tningst\u00e5lighet: L\u00e5g<\/li>\n<li class=\"li2\">UV-resistens: L\u00e5g<\/li>\n<li class=\"li2\">Vattenabsorption: Mycket h\u00f6g<\/li>\n<\/ul>\n<p class=\"p1\"><b>Anv\u00e4ndningsomr\u00e5den:<\/b><\/p>\n<ul class=\"ul1\">\n<li class=\"p2\">Bindgarn<\/li>\n<li>Tr\u00e4dg\u00e5rdssn\u00f6re<\/li>\n<li class=\"p2\">Pyssel &amp; Hobby<\/li>\n<li>Paketsn\u00f6re<\/li>\n<\/ul>\n<h5>Handla i v\u00e5r webbshop, repbutiken.se:<\/h5>\n<p><a href=\"https:\/\/repbutiken.se\/produkter\/snoren\/jutegarn-natur-1500-3-3kg\/\" class=\"button\" target=\"_blank\" rel=\"noopener\">K\u00f6p nu<\/a><\/p>\n<h5>Kontakta oss med en f\u00f6rfr\u00e5gan:<\/h5>\n<p><a href=\"\/se\/kontakt\/\" class=\"button\">Beg\u00e4r offert<\/a><\/p>\n","protected":false},"featured_media":84368,"comment_status":"closed","ping_status":"closed","template":"","meta":[],"product_brand":[],"product_cat":[44,552,32],"product_tag":[202,889,471,270,1102,1268,323],"class_list":{"0":"post-81610","1":"product","2":"type-product","3":"status-publish","4":"has-post-thumbnail","6":"product_cat-hantverk-inredning","7":"product_cat-natur-fritid","8":"product_cat-snoren","9":"product_tag-dekoration","10":"product_tag-jute-en","11":"product_tag-jutegarn","12":"product_tag-pyssel","13":"product_tag-pysselsnore","14":"product_tag-tradgardssnore","15":"product_tag-vavning","17":"first","18":"instock","19":"shipping-taxable","20":"product-type-simple"},"yoast_head":"<!-- This site is optimized with the Yoast SEO plugin v27.1.1 - https:\/\/yoast.com\/product\/yoast-seo-wordpress\/ -->\n<title>Jutegarn - Swedish Rope | Rep, tross, linor och sn\u00f6ren<\/title>\n<meta name=\"description\" content=\"Jutegarn av h\u00f6gsta kvalitet. Anv\u00e4nds framf\u00f6rallt till att binda upp plantor, till v\u00e4vning, pyssel och dekoration.\" \/>\n<meta name=\"robots\" content=\"index, follow, max-snippet:-1, max-image-preview:large, max-video-preview:-1\" \/>\n<link rel=\"canonical\" href=\"https:\/\/www.swedishrope.com\/se\/produkt\/snoren-jutegarn\/\" \/>\n<meta property=\"og:locale\" content=\"en_US\" \/>\n<meta property=\"og:type\" content=\"article\" \/>\n<meta property=\"og:title\" content=\"Jutegarn - Swedish Rope | Rep, tross, linor och sn\u00f6ren\" \/>\n<meta property=\"og:description\" content=\"Jutegarn av h\u00f6gsta kvalitet. Anv\u00e4nds framf\u00f6rallt till att binda upp plantor, till v\u00e4vning, pyssel och dekoration.\" \/>\n<meta property=\"og:url\" content=\"https:\/\/www.swedishrope.com\/se\/produkt\/snoren-jutegarn\/\" \/>\n<meta property=\"og:site_name\" content=\"Swedish Rope | Rep, tross, linor och sn\u00f6ren\" \/>\n<meta property=\"article:publisher\" content=\"https:\/\/www.facebook.com\/swedishrope\" \/>\n<meta property=\"article:modified_time\" content=\"2026-03-02T09:52:10+00:00\" \/>\n<meta property=\"og:image\" content=\"http:\/\/www.swedishrope.com\/se\/wp-content\/uploads\/2023\/11\/JuteGarn.webp\" \/>\n\t<meta property=\"og:image:width\" content=\"1200\" \/>\n\t<meta property=\"og:image:height\" content=\"1200\" \/>\n\t<meta property=\"og:image:type\" content=\"image\/webp\" \/>\n<meta name=\"twitter:card\" content=\"summary_large_image\" \/>\n<meta name=\"twitter:label1\" content=\"Est. reading time\" \/>\n\t<meta name=\"twitter:data1\" content=\"2 minutes\" \/>\n<script type=\"application\/ld+json\" class=\"yoast-schema-graph\">{\"@context\":\"https:\/\/schema.org\",\"@graph\":[{\"@type\":\"WebPage\",\"@id\":\"https:\/\/www.swedishrope.com\/se\/produkt\/snoren-jutegarn\/\",\"url\":\"https:\/\/www.swedishrope.com\/se\/produkt\/snoren-jutegarn\/\",\"name\":\"Jutegarn - Swedish Rope | Rep, tross, linor och sn\u00f6ren\",\"isPartOf\":{\"@id\":\"https:\/\/www.swedishrope.com\/se\/#website\"},\"primaryImageOfPage\":{\"@id\":\"https:\/\/www.swedishrope.com\/se\/produkt\/snoren-jutegarn\/#primaryimage\"},\"image\":{\"@id\":\"https:\/\/www.swedishrope.com\/se\/produkt\/snoren-jutegarn\/#primaryimage\"},\"thumbnailUrl\":\"https:\/\/www.swedishrope.com\/se\/wp-content\/uploads\/2023\/11\/JuteGarn.webp\",\"datePublished\":\"2023-11-02T13:42:06+00:00\",\"dateModified\":\"2026-03-02T09:52:10+00:00\",\"description\":\"Jutegarn av h\u00f6gsta kvalitet. Anv\u00e4nds framf\u00f6rallt till att binda upp plantor, till v\u00e4vning, pyssel och dekoration.\",\"breadcrumb\":{\"@id\":\"https:\/\/www.swedishrope.com\/se\/produkt\/snoren-jutegarn\/#breadcrumb\"},\"inLanguage\":\"en-US\",\"potentialAction\":[{\"@type\":\"ReadAction\",\"target\":[\"https:\/\/www.swedishrope.com\/se\/produkt\/snoren-jutegarn\/\"]}]},{\"@type\":\"ImageObject\",\"inLanguage\":\"en-US\",\"@id\":\"https:\/\/www.swedishrope.com\/se\/produkt\/snoren-jutegarn\/#primaryimage\",\"url\":\"https:\/\/www.swedishrope.com\/se\/wp-content\/uploads\/2023\/11\/JuteGarn.webp\",\"contentUrl\":\"https:\/\/www.swedishrope.com\/se\/wp-content\/uploads\/2023\/11\/JuteGarn.webp\",\"width\":1200,\"height\":1200},{\"@type\":\"BreadcrumbList\",\"@id\":\"https:\/\/www.swedishrope.com\/se\/produkt\/snoren-jutegarn\/#breadcrumb\",\"itemListElement\":[{\"@type\":\"ListItem\",\"position\":1,\"name\":\"Home\",\"item\":\"https:\/\/www.swedishrope.com\/se\/\"},{\"@type\":\"ListItem\",\"position\":2,\"name\":\"Products\",\"item\":\"https:\/\/www.swedishrope.com\/se\/shop\/\"},{\"@type\":\"ListItem\",\"position\":3,\"name\":\"Jutegarn\"}]},{\"@type\":\"WebSite\",\"@id\":\"https:\/\/www.swedishrope.com\/se\/#website\",\"url\":\"https:\/\/www.swedishrope.com\/se\/\",\"name\":\"Swedish Rope | Ropes, hawsers, cords and twines\",\"description\":\"&quot;Vi sl\u00e5r det mesta!&quot;\",\"publisher\":{\"@id\":\"https:\/\/www.swedishrope.com\/se\/#organization\"},\"potentialAction\":[{\"@type\":\"SearchAction\",\"target\":{\"@type\":\"EntryPoint\",\"urlTemplate\":\"https:\/\/www.swedishrope.com\/se\/?s={search_term_string}\"},\"query-input\":{\"@type\":\"PropertyValueSpecification\",\"valueRequired\":true,\"valueName\":\"search_term_string\"}}],\"inLanguage\":\"en-US\"},{\"@type\":\"Organization\",\"@id\":\"https:\/\/www.swedishrope.com\/se\/#organization\",\"name\":\"Swedish Rope\",\"url\":\"https:\/\/www.swedishrope.com\/se\/\",\"logo\":{\"@type\":\"ImageObject\",\"inLanguage\":\"en-US\",\"@id\":\"https:\/\/www.swedishrope.com\/se\/#\/schema\/logo\/image\/\",\"url\":\"http:\/\/www.swedishrope.com\/se\/wp-content\/uploads\/2019\/07\/cropped-Logga-circular-SR.png\",\"contentUrl\":\"http:\/\/www.swedishrope.com\/se\/wp-content\/uploads\/2019\/07\/cropped-Logga-circular-SR.png\",\"width\":1843,\"height\":1840,\"caption\":\"Swedish Rope\"},\"image\":{\"@id\":\"https:\/\/www.swedishrope.com\/se\/#\/schema\/logo\/image\/\"},\"sameAs\":[\"https:\/\/www.facebook.com\/swedishrope\",\"https:\/\/www.instagram.com\/swedishrope\/\"]}]}<\/script>\n<!-- \/ Yoast SEO plugin. -->","yoast_head_json":{"title":"Jutegarn - Swedish Rope | Rep, tross, linor och sn\u00f6ren","description":"Jutegarn av h\u00f6gsta kvalitet. Anv\u00e4nds framf\u00f6rallt till att binda upp plantor, till v\u00e4vning, pyssel och dekoration.","robots":{"index":"index","follow":"follow","max-snippet":"max-snippet:-1","max-image-preview":"max-image-preview:large","max-video-preview":"max-video-preview:-1"},"canonical":"https:\/\/www.swedishrope.com\/se\/produkt\/snoren-jutegarn\/","og_locale":"en_US","og_type":"article","og_title":"Jutegarn - Swedish Rope | Rep, tross, linor och sn\u00f6ren","og_description":"Jutegarn av h\u00f6gsta kvalitet. Anv\u00e4nds framf\u00f6rallt till att binda upp plantor, till v\u00e4vning, pyssel och dekoration.","og_url":"https:\/\/www.swedishrope.com\/se\/produkt\/snoren-jutegarn\/","og_site_name":"Swedish Rope | Rep, tross, linor och sn\u00f6ren","article_publisher":"https:\/\/www.facebook.com\/swedishrope","article_modified_time":"2026-03-02T09:52:10+00:00","og_image":[{"width":1200,"height":1200,"url":"http:\/\/www.swedishrope.com\/se\/wp-content\/uploads\/2023\/11\/JuteGarn.webp","type":"image\/webp"}],"twitter_card":"summary_large_image","twitter_misc":{"Est. reading time":"2 minutes"},"schema":{"@context":"https:\/\/schema.org","@graph":[{"@type":"WebPage","@id":"https:\/\/www.swedishrope.com\/se\/produkt\/snoren-jutegarn\/","url":"https:\/\/www.swedishrope.com\/se\/produkt\/snoren-jutegarn\/","name":"Jutegarn - Swedish Rope | Rep, tross, linor och sn\u00f6ren","isPartOf":{"@id":"https:\/\/www.swedishrope.com\/se\/#website"},"primaryImageOfPage":{"@id":"https:\/\/www.swedishrope.com\/se\/produkt\/snoren-jutegarn\/#primaryimage"},"image":{"@id":"https:\/\/www.swedishrope.com\/se\/produkt\/snoren-jutegarn\/#primaryimage"},"thumbnailUrl":"https:\/\/www.swedishrope.com\/se\/wp-content\/uploads\/2023\/11\/JuteGarn.webp","datePublished":"2023-11-02T13:42:06+00:00","dateModified":"2026-03-02T09:52:10+00:00","description":"Jutegarn av h\u00f6gsta kvalitet. Anv\u00e4nds framf\u00f6rallt till att binda upp plantor, till v\u00e4vning, pyssel och dekoration.","breadcrumb":{"@id":"https:\/\/www.swedishrope.com\/se\/produkt\/snoren-jutegarn\/#breadcrumb"},"inLanguage":"en-US","potentialAction":[{"@type":"ReadAction","target":["https:\/\/www.swedishrope.com\/se\/produkt\/snoren-jutegarn\/"]}]},{"@type":"ImageObject","inLanguage":"en-US","@id":"https:\/\/www.swedishrope.com\/se\/produkt\/snoren-jutegarn\/#primaryimage","url":"https:\/\/www.swedishrope.com\/se\/wp-content\/uploads\/2023\/11\/JuteGarn.webp","contentUrl":"https:\/\/www.swedishrope.com\/se\/wp-content\/uploads\/2023\/11\/JuteGarn.webp","width":1200,"height":1200},{"@type":"BreadcrumbList","@id":"https:\/\/www.swedishrope.com\/se\/produkt\/snoren-jutegarn\/#breadcrumb","itemListElement":[{"@type":"ListItem","position":1,"name":"Home","item":"https:\/\/www.swedishrope.com\/se\/"},{"@type":"ListItem","position":2,"name":"Products","item":"https:\/\/www.swedishrope.com\/se\/shop\/"},{"@type":"ListItem","position":3,"name":"Jutegarn"}]},{"@type":"WebSite","@id":"https:\/\/www.swedishrope.com\/se\/#website","url":"https:\/\/www.swedishrope.com\/se\/","name":"Swedish Rope | Ropes, hawsers, cords and twines","description":"&quot;Vi sl\u00e5r det mesta!&quot;","publisher":{"@id":"https:\/\/www.swedishrope.com\/se\/#organization"},"potentialAction":[{"@type":"SearchAction","target":{"@type":"EntryPoint","urlTemplate":"https:\/\/www.swedishrope.com\/se\/?s={search_term_string}"},"query-input":{"@type":"PropertyValueSpecification","valueRequired":true,"valueName":"search_term_string"}}],"inLanguage":"en-US"},{"@type":"Organization","@id":"https:\/\/www.swedishrope.com\/se\/#organization","name":"Swedish Rope","url":"https:\/\/www.swedishrope.com\/se\/","logo":{"@type":"ImageObject","inLanguage":"en-US","@id":"https:\/\/www.swedishrope.com\/se\/#\/schema\/logo\/image\/","url":"http:\/\/www.swedishrope.com\/se\/wp-content\/uploads\/2019\/07\/cropped-Logga-circular-SR.png","contentUrl":"http:\/\/www.swedishrope.com\/se\/wp-content\/uploads\/2019\/07\/cropped-Logga-circular-SR.png","width":1843,"height":1840,"caption":"Swedish Rope"},"image":{"@id":"https:\/\/www.swedishrope.com\/se\/#\/schema\/logo\/image\/"},"sameAs":["https:\/\/www.facebook.com\/swedishrope","https:\/\/www.instagram.com\/swedishrope\/"]}]}},"_links":{"self":[{"href":"https:\/\/www.swedishrope.com\/se\/wp-json\/wp\/v2\/product\/81610","targetHints":{"allow":["GET"]}}],"collection":[{"href":"https:\/\/www.swedishrope.com\/se\/wp-json\/wp\/v2\/product"}],"about":[{"href":"https:\/\/www.swedishrope.com\/se\/wp-json\/wp\/v2\/types\/product"}],"replies":[{"embeddable":true,"href":"https:\/\/www.swedishrope.com\/se\/wp-json\/wp\/v2\/comments?post=81610"}],"version-history":[{"count":15,"href":"https:\/\/www.swedishrope.com\/se\/wp-json\/wp\/v2\/product\/81610\/revisions"}],"predecessor-version":[{"id":85594,"href":"https:\/\/www.swedishrope.com\/se\/wp-json\/wp\/v2\/product\/81610\/revisions\/85594"}],"wp:featuredmedia":[{"embeddable":true,"href":"https:\/\/www.swedishrope.com\/se\/wp-json\/wp\/v2\/media\/84368"}],"wp:attachment":[{"href":"https:\/\/www.swedishrope.com\/se\/wp-json\/wp\/v2\/media?parent=81610"}],"wp:term":[{"taxonomy":"product_brand","embeddable":true,"href":"https:\/\/www.swedishrope.com\/se\/wp-json\/wp\/v2\/product_brand?post=81610"},{"taxonomy":"product_cat","embeddable":true,"href":"https:\/\/www.swedishrope.com\/se\/wp-json\/wp\/v2\/product_cat?post=81610"},{"taxonomy":"product_tag","embeddable":true,"href":"https:\/\/www.swedishrope.com\/se\/wp-json\/wp\/v2\/product_tag?post=81610"}],"curies":[{"name":"wp","href":"https:\/\/api.w.org\/{rel}","templated":true}]}}