{"id":81728,"date":"2023-11-03T11:13:05","date_gmt":"2023-11-03T10:13:05","guid":{"rendered":"http:\/\/www.swedishrope.com\/se\/?post_type=product&#038;p=81728"},"modified":"2026-03-02T10:41:02","modified_gmt":"2026-03-02T09:41:02","slug":"tillbehor-bryggring","status":"publish","type":"product","link":"https:\/\/www.swedishrope.com\/se\/produkt\/tillbehor-bryggring\/","title":{"rendered":"Bryggring"},"content":{"rendered":"\t\t<div data-elementor-type=\"product-post\" data-elementor-id=\"81728\" class=\"elementor elementor-81728\" data-elementor-post-type=\"product\">\n\t\t\t\t<div class=\"elementor-element elementor-element-c4b2f11 e-con-full e-flex e-con e-parent\" data-id=\"c4b2f11\" data-element_type=\"container\" data-e-type=\"container\">\n\t\t<div class=\"elementor-element elementor-element-46d62e50 e-con-full e-flex e-con e-child\" data-id=\"46d62e50\" data-element_type=\"container\" data-e-type=\"container\">\n\t\t\t\t<div class=\"elementor-element elementor-element-612affc8 elementor-widget elementor-widget-heading\" data-id=\"612affc8\" data-element_type=\"widget\" data-e-type=\"widget\" data-widget_type=\"heading.default\">\n\t\t\t\t<div class=\"elementor-widget-container\">\n\t\t\t\t\t<h2 class=\"elementor-heading-title elementor-size-default\">Beskrivning<\/h2>\t\t\t\t<\/div>\n\t\t\t\t<\/div>\n\t\t\t\t<div class=\"elementor-element elementor-element-6b8960ae elementor-widget elementor-widget-text-editor\" data-id=\"6b8960ae\" data-element_type=\"widget\" data-e-type=\"widget\" data-widget_type=\"text-editor.default\">\n\t\t\t\t<div class=\"elementor-widget-container\">\n\t\t\t\t\t\t\t\t\t<p><strong>Bryggringar<\/strong> \u00e4r en utm\u00e4rkt l\u00f6sning f\u00f6r att s\u00e4kert och stabilt f\u00f6rt\u00f6ja b\u00e5tar och andra vattensportfordon vid tr\u00e4bryggor och liknande konstruktioner.<\/p><p><strong>Material och egenskaper:<\/strong> Med en robust konstruktion och tillverkad av galvaniserat st\u00e5l \u00e4r denna bryggring b\u00e5de h\u00e5llbar och motst\u00e5ndskraftig mot v\u00e4der och vatten. Med en tr\u00e4g\u00e4ngad skruv som kan monteras direkt i tr\u00e4bryggan, erbjuder v\u00e5r bryggring en p\u00e5litlig f\u00f6rt\u00f6jningspunkt som kan hantera kraftiga ryck och h\u00f6g belastning.<\/p><p><strong>Anv\u00e4ndningsomr\u00e5den:<\/strong> bryggringar anv\u00e4nds i f\u00f6rsta hand till f\u00f6rt\u00f6jning av fritidsb\u00e5tar, motorb\u00e5tar, segelb\u00e5tar, gummib\u00e5tar och mindre fartyg. F\u00f6rt\u00f6jningstampar kan smidigt f\u00e4stas i den stadiga \u00f6glan, vilket ger en enkel och effektiv l\u00f6sning f\u00f6r att s\u00e4kra fartyget vid bryggan.<\/p><ul><li><strong>F\u00f6rt\u00f6jning:<\/strong> bryggringen monteras enkelt direkt i tr\u00e4bryggan och skapar en f\u00e4stpunkt f\u00f6r f\u00f6rt\u00f6jningstamparna.<\/li><li><strong>Inf\u00e4stning:<\/strong> I vissa fall l\u00e5ter man rep l\u00f6pa fritt genom \u00f6glorna som d\u00e5 fungerar som reph\u00e5llare, exempelvis till ett staket eller en avsp\u00e4rrning med marint inslag.<\/li><\/ul><p><strong>F\u00f6rdelar:<\/strong> Med bryggringar kan du vara s\u00e4ker p\u00e5 att din b\u00e5t eller konstruktion \u00e4r stadigt och s\u00e4kert f\u00f6rt\u00f6jd i hamn.<\/p>\t\t\t\t\t\t\t\t<\/div>\n\t\t\t\t<\/div>\n\t\t\t\t<\/div>\n\t\t<div class=\"elementor-element elementor-element-6b926e1c e-con-full e-flex e-con e-child\" data-id=\"6b926e1c\" data-element_type=\"container\" data-e-type=\"container\">\n\t\t\t\t<div class=\"elementor-element elementor-element-44e2139 elementor-widget elementor-widget-heading\" data-id=\"44e2139\" data-element_type=\"widget\" data-e-type=\"widget\" data-widget_type=\"heading.default\">\n\t\t\t\t<div class=\"elementor-widget-container\">\n\t\t\t\t\t<h2 class=\"elementor-heading-title elementor-size-default\">Specifikation<\/h2>\t\t\t\t<\/div>\n\t\t\t\t<\/div>\n\t\t\t\t<div class=\"elementor-element elementor-element-23bda960 elementor-widget elementor-widget-shortcode\" data-id=\"23bda960\" data-element_type=\"widget\" data-e-type=\"widget\" data-widget_type=\"shortcode.default\">\n\t\t\t\t<div class=\"elementor-widget-container\">\n\t\t\t\t\t\t\t<div class=\"elementor-shortcode\">\n<table id=\"tablepress-192\" class=\"tablepress tablepress-id-192\">\n<thead>\n<tr class=\"row-1\">\n\t<th class=\"column-1\">G\u00e4nga<br \/>\n[mm]<\/th><th class=\"column-2\">L\u00e4ngd<br \/>\n[mm]<\/th><th class=\"column-3\">Material<\/th>\n<\/tr>\n<\/thead>\n<tbody class=\"row-striping row-hover\">\n<tr class=\"row-2\">\n\t<td class=\"column-1\">8<\/td><td class=\"column-2\">60<\/td><td class=\"column-3\">Galvat\/Rostfritt<\/td>\n<\/tr>\n<tr class=\"row-3\">\n\t<td class=\"column-1\">10<\/td><td class=\"column-2\">75<\/td><td class=\"column-3\">Galvat\/Rostfritt<\/td>\n<\/tr>\n<tr class=\"row-4\">\n\t<td class=\"column-1\">12<\/td><td class=\"column-2\">100<\/td><td class=\"column-3\">Galvat\/Rostfritt<\/td>\n<\/tr>\n<tr class=\"row-5\">\n\t<td class=\"column-1\">16<\/td><td class=\"column-2\">125<\/td><td class=\"column-3\">Galvat\/Rostfritt<\/td>\n<\/tr>\n<\/tbody>\n<\/table>\n<!-- #tablepress-192 from cache --><\/div>\n\t\t\t\t\t\t<\/div>\n\t\t\t\t<\/div>\n\t\t\t\t<\/div>\n\t\t\t\t<\/div>\n\t\t\t\t<\/div>\n\t\t","protected":false},"excerpt":{"rendered":"<p class=\"p1\">Bryggringar med tr\u00e4g\u00e4nga. Galvade och rostfria.<\/p>\n<h5>Handla i v\u00e5r webbshop, repbutiken.se:<\/h5>\n<p><a href=\"https:\/\/repbutiken.se\/produkter\/tillbehor\/bryggring-med-traskruv\/\" class=\"button\" target=\"_blank\" rel=\"noopener\">K\u00f6p nu<\/a><\/p>\n<h5>Kontakta oss med en f\u00f6rfr\u00e5gan:<\/h5>\n<p><a href=\"\/se\/kontakt\/\" class=\"button\">Beg\u00e4r offert<\/a><\/p>\n","protected":false},"featured_media":81729,"comment_status":"closed","ping_status":"closed","template":"","meta":[],"product_brand":[],"product_cat":[549,37],"product_tag":[1282,1148,58,1151,78,1150,1154],"class_list":{"0":"post-81728","1":"product","2":"type-product","3":"status-publish","4":"has-post-thumbnail","6":"product_cat-fritidsbatar-marint","7":"product_cat-ovriga-produkter","8":"product_tag-bryggogla","9":"product_tag-bryggring","10":"product_tag-fortojning","11":"product_tag-galvaniserat-stal","12":"product_tag-ogla","13":"product_tag-trabryggor","14":"product_tag-tragangad-skruv","16":"first","17":"instock","18":"shipping-taxable","19":"product-type-simple"},"yoast_head":"<!-- This site is optimized with the Yoast SEO plugin v27.1.1 - https:\/\/yoast.com\/product\/yoast-seo-wordpress\/ -->\n<title>Bryggringar med tr\u00e4g\u00e4nga - Swedish Rope | Rep, tross, linor och sn\u00f6ren<\/title>\n<meta name=\"description\" content=\"Bryggringar med tr\u00e4g\u00e4nga f\u00f6r direkt inf\u00e4stning i bryggor och tr\u00e4d\u00e4ck. Galvade eller rostfria, beroende p\u00e5 behov och preferens.\" \/>\n<meta name=\"robots\" content=\"index, follow, max-snippet:-1, max-image-preview:large, max-video-preview:-1\" \/>\n<link rel=\"canonical\" href=\"https:\/\/www.swedishrope.com\/se\/produkt\/tillbehor-bryggring\/\" \/>\n<meta property=\"og:locale\" content=\"en_US\" \/>\n<meta property=\"og:type\" content=\"article\" \/>\n<meta property=\"og:title\" content=\"Bryggringar med tr\u00e4g\u00e4nga - Swedish Rope | Rep, tross, linor och sn\u00f6ren\" \/>\n<meta property=\"og:description\" content=\"Bryggringar med tr\u00e4g\u00e4nga f\u00f6r direkt inf\u00e4stning i bryggor och tr\u00e4d\u00e4ck. Galvade eller rostfria, beroende p\u00e5 behov och preferens.\" \/>\n<meta property=\"og:url\" content=\"https:\/\/www.swedishrope.com\/se\/produkt\/tillbehor-bryggring\/\" \/>\n<meta property=\"og:site_name\" content=\"Swedish Rope | Rep, tross, linor och sn\u00f6ren\" \/>\n<meta property=\"article:publisher\" content=\"https:\/\/www.facebook.com\/swedishrope\" \/>\n<meta property=\"article:modified_time\" content=\"2026-03-02T09:41:02+00:00\" \/>\n<meta property=\"og:image\" content=\"http:\/\/www.swedishrope.com\/se\/wp-content\/uploads\/2023\/11\/567-010-batring-fortojning-brygga-traskruv.jpg\" \/>\n\t<meta property=\"og:image:width\" content=\"800\" \/>\n\t<meta property=\"og:image:height\" content=\"800\" \/>\n\t<meta property=\"og:image:type\" content=\"image\/jpeg\" \/>\n<meta name=\"twitter:card\" content=\"summary_large_image\" \/>\n<meta name=\"twitter:label1\" content=\"Est. reading time\" \/>\n\t<meta name=\"twitter:data1\" content=\"1 minute\" \/>\n<script type=\"application\/ld+json\" class=\"yoast-schema-graph\">{\"@context\":\"https:\/\/schema.org\",\"@graph\":[{\"@type\":\"WebPage\",\"@id\":\"https:\/\/www.swedishrope.com\/se\/produkt\/tillbehor-bryggring\/\",\"url\":\"https:\/\/www.swedishrope.com\/se\/produkt\/tillbehor-bryggring\/\",\"name\":\"Bryggringar med tr\u00e4g\u00e4nga - Swedish Rope | Rep, tross, linor och sn\u00f6ren\",\"isPartOf\":{\"@id\":\"https:\/\/www.swedishrope.com\/se\/#website\"},\"primaryImageOfPage\":{\"@id\":\"https:\/\/www.swedishrope.com\/se\/produkt\/tillbehor-bryggring\/#primaryimage\"},\"image\":{\"@id\":\"https:\/\/www.swedishrope.com\/se\/produkt\/tillbehor-bryggring\/#primaryimage\"},\"thumbnailUrl\":\"https:\/\/www.swedishrope.com\/se\/wp-content\/uploads\/2023\/11\/567-010-batring-fortojning-brygga-traskruv.jpg\",\"datePublished\":\"2023-11-03T10:13:05+00:00\",\"dateModified\":\"2026-03-02T09:41:02+00:00\",\"description\":\"Bryggringar med tr\u00e4g\u00e4nga f\u00f6r direkt inf\u00e4stning i bryggor och tr\u00e4d\u00e4ck. Galvade eller rostfria, beroende p\u00e5 behov och preferens.\",\"breadcrumb\":{\"@id\":\"https:\/\/www.swedishrope.com\/se\/produkt\/tillbehor-bryggring\/#breadcrumb\"},\"inLanguage\":\"en-US\",\"potentialAction\":[{\"@type\":\"ReadAction\",\"target\":[\"https:\/\/www.swedishrope.com\/se\/produkt\/tillbehor-bryggring\/\"]}]},{\"@type\":\"ImageObject\",\"inLanguage\":\"en-US\",\"@id\":\"https:\/\/www.swedishrope.com\/se\/produkt\/tillbehor-bryggring\/#primaryimage\",\"url\":\"https:\/\/www.swedishrope.com\/se\/wp-content\/uploads\/2023\/11\/567-010-batring-fortojning-brygga-traskruv.jpg\",\"contentUrl\":\"https:\/\/www.swedishrope.com\/se\/wp-content\/uploads\/2023\/11\/567-010-batring-fortojning-brygga-traskruv.jpg\",\"width\":800,\"height\":800},{\"@type\":\"BreadcrumbList\",\"@id\":\"https:\/\/www.swedishrope.com\/se\/produkt\/tillbehor-bryggring\/#breadcrumb\",\"itemListElement\":[{\"@type\":\"ListItem\",\"position\":1,\"name\":\"Home\",\"item\":\"https:\/\/www.swedishrope.com\/se\/\"},{\"@type\":\"ListItem\",\"position\":2,\"name\":\"Products\",\"item\":\"https:\/\/www.swedishrope.com\/se\/shop\/\"},{\"@type\":\"ListItem\",\"position\":3,\"name\":\"Bryggring\"}]},{\"@type\":\"WebSite\",\"@id\":\"https:\/\/www.swedishrope.com\/se\/#website\",\"url\":\"https:\/\/www.swedishrope.com\/se\/\",\"name\":\"Swedish Rope | Ropes, hawsers, cords and twines\",\"description\":\"&quot;Vi sl\u00e5r det mesta!&quot;\",\"publisher\":{\"@id\":\"https:\/\/www.swedishrope.com\/se\/#organization\"},\"potentialAction\":[{\"@type\":\"SearchAction\",\"target\":{\"@type\":\"EntryPoint\",\"urlTemplate\":\"https:\/\/www.swedishrope.com\/se\/?s={search_term_string}\"},\"query-input\":{\"@type\":\"PropertyValueSpecification\",\"valueRequired\":true,\"valueName\":\"search_term_string\"}}],\"inLanguage\":\"en-US\"},{\"@type\":\"Organization\",\"@id\":\"https:\/\/www.swedishrope.com\/se\/#organization\",\"name\":\"Swedish Rope\",\"url\":\"https:\/\/www.swedishrope.com\/se\/\",\"logo\":{\"@type\":\"ImageObject\",\"inLanguage\":\"en-US\",\"@id\":\"https:\/\/www.swedishrope.com\/se\/#\/schema\/logo\/image\/\",\"url\":\"http:\/\/www.swedishrope.com\/se\/wp-content\/uploads\/2019\/07\/cropped-Logga-circular-SR.png\",\"contentUrl\":\"http:\/\/www.swedishrope.com\/se\/wp-content\/uploads\/2019\/07\/cropped-Logga-circular-SR.png\",\"width\":1843,\"height\":1840,\"caption\":\"Swedish Rope\"},\"image\":{\"@id\":\"https:\/\/www.swedishrope.com\/se\/#\/schema\/logo\/image\/\"},\"sameAs\":[\"https:\/\/www.facebook.com\/swedishrope\",\"https:\/\/www.instagram.com\/swedishrope\/\"]}]}<\/script>\n<!-- \/ Yoast SEO plugin. -->","yoast_head_json":{"title":"Bryggringar med tr\u00e4g\u00e4nga - Swedish Rope | Rep, tross, linor och sn\u00f6ren","description":"Bryggringar med tr\u00e4g\u00e4nga f\u00f6r direkt inf\u00e4stning i bryggor och tr\u00e4d\u00e4ck. Galvade eller rostfria, beroende p\u00e5 behov och preferens.","robots":{"index":"index","follow":"follow","max-snippet":"max-snippet:-1","max-image-preview":"max-image-preview:large","max-video-preview":"max-video-preview:-1"},"canonical":"https:\/\/www.swedishrope.com\/se\/produkt\/tillbehor-bryggring\/","og_locale":"en_US","og_type":"article","og_title":"Bryggringar med tr\u00e4g\u00e4nga - Swedish Rope | Rep, tross, linor och sn\u00f6ren","og_description":"Bryggringar med tr\u00e4g\u00e4nga f\u00f6r direkt inf\u00e4stning i bryggor och tr\u00e4d\u00e4ck. Galvade eller rostfria, beroende p\u00e5 behov och preferens.","og_url":"https:\/\/www.swedishrope.com\/se\/produkt\/tillbehor-bryggring\/","og_site_name":"Swedish Rope | Rep, tross, linor och sn\u00f6ren","article_publisher":"https:\/\/www.facebook.com\/swedishrope","article_modified_time":"2026-03-02T09:41:02+00:00","og_image":[{"width":800,"height":800,"url":"http:\/\/www.swedishrope.com\/se\/wp-content\/uploads\/2023\/11\/567-010-batring-fortojning-brygga-traskruv.jpg","type":"image\/jpeg"}],"twitter_card":"summary_large_image","twitter_misc":{"Est. reading time":"1 minute"},"schema":{"@context":"https:\/\/schema.org","@graph":[{"@type":"WebPage","@id":"https:\/\/www.swedishrope.com\/se\/produkt\/tillbehor-bryggring\/","url":"https:\/\/www.swedishrope.com\/se\/produkt\/tillbehor-bryggring\/","name":"Bryggringar med tr\u00e4g\u00e4nga - Swedish Rope | Rep, tross, linor och sn\u00f6ren","isPartOf":{"@id":"https:\/\/www.swedishrope.com\/se\/#website"},"primaryImageOfPage":{"@id":"https:\/\/www.swedishrope.com\/se\/produkt\/tillbehor-bryggring\/#primaryimage"},"image":{"@id":"https:\/\/www.swedishrope.com\/se\/produkt\/tillbehor-bryggring\/#primaryimage"},"thumbnailUrl":"https:\/\/www.swedishrope.com\/se\/wp-content\/uploads\/2023\/11\/567-010-batring-fortojning-brygga-traskruv.jpg","datePublished":"2023-11-03T10:13:05+00:00","dateModified":"2026-03-02T09:41:02+00:00","description":"Bryggringar med tr\u00e4g\u00e4nga f\u00f6r direkt inf\u00e4stning i bryggor och tr\u00e4d\u00e4ck. Galvade eller rostfria, beroende p\u00e5 behov och preferens.","breadcrumb":{"@id":"https:\/\/www.swedishrope.com\/se\/produkt\/tillbehor-bryggring\/#breadcrumb"},"inLanguage":"en-US","potentialAction":[{"@type":"ReadAction","target":["https:\/\/www.swedishrope.com\/se\/produkt\/tillbehor-bryggring\/"]}]},{"@type":"ImageObject","inLanguage":"en-US","@id":"https:\/\/www.swedishrope.com\/se\/produkt\/tillbehor-bryggring\/#primaryimage","url":"https:\/\/www.swedishrope.com\/se\/wp-content\/uploads\/2023\/11\/567-010-batring-fortojning-brygga-traskruv.jpg","contentUrl":"https:\/\/www.swedishrope.com\/se\/wp-content\/uploads\/2023\/11\/567-010-batring-fortojning-brygga-traskruv.jpg","width":800,"height":800},{"@type":"BreadcrumbList","@id":"https:\/\/www.swedishrope.com\/se\/produkt\/tillbehor-bryggring\/#breadcrumb","itemListElement":[{"@type":"ListItem","position":1,"name":"Home","item":"https:\/\/www.swedishrope.com\/se\/"},{"@type":"ListItem","position":2,"name":"Products","item":"https:\/\/www.swedishrope.com\/se\/shop\/"},{"@type":"ListItem","position":3,"name":"Bryggring"}]},{"@type":"WebSite","@id":"https:\/\/www.swedishrope.com\/se\/#website","url":"https:\/\/www.swedishrope.com\/se\/","name":"Swedish Rope | Ropes, hawsers, cords and twines","description":"&quot;Vi sl\u00e5r det mesta!&quot;","publisher":{"@id":"https:\/\/www.swedishrope.com\/se\/#organization"},"potentialAction":[{"@type":"SearchAction","target":{"@type":"EntryPoint","urlTemplate":"https:\/\/www.swedishrope.com\/se\/?s={search_term_string}"},"query-input":{"@type":"PropertyValueSpecification","valueRequired":true,"valueName":"search_term_string"}}],"inLanguage":"en-US"},{"@type":"Organization","@id":"https:\/\/www.swedishrope.com\/se\/#organization","name":"Swedish Rope","url":"https:\/\/www.swedishrope.com\/se\/","logo":{"@type":"ImageObject","inLanguage":"en-US","@id":"https:\/\/www.swedishrope.com\/se\/#\/schema\/logo\/image\/","url":"http:\/\/www.swedishrope.com\/se\/wp-content\/uploads\/2019\/07\/cropped-Logga-circular-SR.png","contentUrl":"http:\/\/www.swedishrope.com\/se\/wp-content\/uploads\/2019\/07\/cropped-Logga-circular-SR.png","width":1843,"height":1840,"caption":"Swedish Rope"},"image":{"@id":"https:\/\/www.swedishrope.com\/se\/#\/schema\/logo\/image\/"},"sameAs":["https:\/\/www.facebook.com\/swedishrope","https:\/\/www.instagram.com\/swedishrope\/"]}]}},"_links":{"self":[{"href":"https:\/\/www.swedishrope.com\/se\/wp-json\/wp\/v2\/product\/81728","targetHints":{"allow":["GET"]}}],"collection":[{"href":"https:\/\/www.swedishrope.com\/se\/wp-json\/wp\/v2\/product"}],"about":[{"href":"https:\/\/www.swedishrope.com\/se\/wp-json\/wp\/v2\/types\/product"}],"replies":[{"embeddable":true,"href":"https:\/\/www.swedishrope.com\/se\/wp-json\/wp\/v2\/comments?post=81728"}],"version-history":[{"count":16,"href":"https:\/\/www.swedishrope.com\/se\/wp-json\/wp\/v2\/product\/81728\/revisions"}],"predecessor-version":[{"id":85583,"href":"https:\/\/www.swedishrope.com\/se\/wp-json\/wp\/v2\/product\/81728\/revisions\/85583"}],"wp:featuredmedia":[{"embeddable":true,"href":"https:\/\/www.swedishrope.com\/se\/wp-json\/wp\/v2\/media\/81729"}],"wp:attachment":[{"href":"https:\/\/www.swedishrope.com\/se\/wp-json\/wp\/v2\/media?parent=81728"}],"wp:term":[{"taxonomy":"product_brand","embeddable":true,"href":"https:\/\/www.swedishrope.com\/se\/wp-json\/wp\/v2\/product_brand?post=81728"},{"taxonomy":"product_cat","embeddable":true,"href":"https:\/\/www.swedishrope.com\/se\/wp-json\/wp\/v2\/product_cat?post=81728"},{"taxonomy":"product_tag","embeddable":true,"href":"https:\/\/www.swedishrope.com\/se\/wp-json\/wp\/v2\/product_tag?post=81728"}],"curies":[{"name":"wp","href":"https:\/\/api.w.org\/{rel}","templated":true}]}}