{"id":81972,"date":"2023-11-06T14:44:27","date_gmt":"2023-11-06T13:44:27","guid":{"rendered":"http:\/\/www.swedishrope.com\/se\/?post_type=product&#038;p=81972"},"modified":"2026-03-02T10:15:26","modified_gmt":"2026-03-02T09:15:26","slug":"tillbehor-p-ring","status":"publish","type":"product","link":"https:\/\/www.swedishrope.com\/se\/produkt\/tillbehor-p-ring\/","title":{"rendered":"P-ring"},"content":{"rendered":"\t\t<div data-elementor-type=\"product-post\" data-elementor-id=\"81972\" class=\"elementor elementor-81972\" data-elementor-post-type=\"product\">\n\t\t\t\t<div class=\"elementor-element elementor-element-47893b6e e-con-full e-flex e-con e-parent\" data-id=\"47893b6e\" data-element_type=\"container\" data-e-type=\"container\">\n\t\t<div class=\"elementor-element elementor-element-79b5f07e e-con-full e-flex e-con e-child\" data-id=\"79b5f07e\" data-element_type=\"container\" data-e-type=\"container\">\n\t\t\t\t<div class=\"elementor-element elementor-element-1e3ea2c6 elementor-widget elementor-widget-heading\" data-id=\"1e3ea2c6\" data-element_type=\"widget\" data-e-type=\"widget\" data-widget_type=\"heading.default\">\n\t\t\t\t<div class=\"elementor-widget-container\">\n\t\t\t\t\t<h2 class=\"elementor-heading-title elementor-size-default\">Beskrivning<\/h2>\t\t\t\t<\/div>\n\t\t\t\t<\/div>\n\t\t\t\t<div class=\"elementor-element elementor-element-42813032 elementor-widget elementor-widget-text-editor\" data-id=\"42813032\" data-element_type=\"widget\" data-e-type=\"widget\" data-widget_type=\"text-editor.default\">\n\t\t\t\t<div class=\"elementor-widget-container\">\n\t\t\t\t\t\t\t\t\t<p><strong>P-ringar<\/strong> anv\u00e4nds f\u00f6r att f\u00f6rt\u00f6ja och s\u00e4kra bojar och bryggor p\u00e5 botten.<\/p><p><strong>Material och egenskaper:<\/strong> Bojringarna \u00e4r tillverkade i st\u00e5l och m\u00e5lade f\u00f6r att ge extra rostskydd. De \u00e4r tunga och kantiga i strukturen, utformade f\u00f6r att effektivt gr\u00e4va ner sig i dy eller fastna i klippblock p\u00e5 sj\u00f6- eller havsbotten. De har en kraftig bygel att f\u00e4sta bojlinan eller k\u00e4ttingen i och flarn som \u00e4r vinklade f\u00f6r att P-ringen inte ska rubbas vid belastning.<\/p><p><strong>Anv\u00e4ndningsomr\u00e5den:<\/strong> P-ringar anv\u00e4nds i f\u00f6rsta hand till f\u00f6rankring av bryggor och bojar.<\/p><ul><li><strong>Bojf\u00f6rt\u00f6jning:<\/strong> P-ringen sjunker ner i dyn och vrider sig med f\u00e4stbygeln in mot land. Det s\u00e4kerst\u00e4ller att den inte rubbas vid f\u00f6rt\u00f6jning av b\u00e5ten.<\/li><li><strong>Bryggf\u00f6rankring:<\/strong> N\u00e4r man f\u00f6rt\u00f6jer en flytbrygga l\u00e4gger man ofta tv\u00e5 eller fyra P-ringar, en i varje h\u00f6rn man vill f\u00f6rt\u00f6ja. K\u00e4tting eller rep f\u00f6rankras sedan \u00f6verlappande snett mot P-ringarna f\u00f6r b\u00e4ttre d\u00e4mpning och stabilitet.<\/li><\/ul><p><strong>F\u00f6rdelar:<\/strong> Denna galvaniserade bojring eller P-ring \u00e4r avsedd f\u00f6r anv\u00e4ndning vid dybotten och har f\u00f6rm\u00e5gan att sjunka ner i dyn, vilket g\u00f6r den l\u00e4mplig f\u00f6r f\u00f6rt\u00f6jning av b\u00e5da bryggor och bojar. Till skillnad fr\u00e5n en bojsten som kan v\u00e4g flera ton \u00e4r P-ringarna mer l\u00e4tthanterliga. F\u00f6r optimal anv\u00e4ndning rekommenderas en bojlina som \u00e4r minst 1,5 g\u00e5nger vattendjupet. Om omr\u00e5det runt bojringen \u00e4r stenigt, kan en flytkropp f\u00e4stas p\u00e5 linan cirka en meter upp fr\u00e5n bojringen f\u00f6r att skydda linan mot slitage. Denna flytkropp fungerar ocks\u00e5 som ett skydd f\u00f6r bottenvegetationen.<\/p>\t\t\t\t\t\t\t\t<\/div>\n\t\t\t\t<\/div>\n\t\t\t\t<\/div>\n\t\t<div class=\"elementor-element elementor-element-5b5e0a79 e-con-full e-flex e-con e-child\" data-id=\"5b5e0a79\" data-element_type=\"container\" data-e-type=\"container\">\n\t\t\t\t<div class=\"elementor-element elementor-element-71ac3b3b elementor-widget elementor-widget-heading\" data-id=\"71ac3b3b\" data-element_type=\"widget\" data-e-type=\"widget\" data-widget_type=\"heading.default\">\n\t\t\t\t<div class=\"elementor-widget-container\">\n\t\t\t\t\t<h2 class=\"elementor-heading-title elementor-size-default\">Specifikation<\/h2>\t\t\t\t<\/div>\n\t\t\t\t<\/div>\n\t\t\t\t<div class=\"elementor-element elementor-element-25ebe3bd elementor-widget elementor-widget-shortcode\" data-id=\"25ebe3bd\" data-element_type=\"widget\" data-e-type=\"widget\" data-widget_type=\"shortcode.default\">\n\t\t\t\t<div class=\"elementor-widget-container\">\n\t\t\t\t\t\t\t<div class=\"elementor-shortcode\">\n<table id=\"tablepress-203\" class=\"tablepress tablepress-id-203\">\n<thead>\n<tr class=\"row-1\">\n\t<th class=\"column-1\">Vikt<br \/>\n[kg]<\/th><th class=\"column-2\">Diameter<br \/>\n[mm]<\/th><th class=\"column-3\">Material<\/th>\n<\/tr>\n<\/thead>\n<tbody class=\"row-striping row-hover\">\n<tr class=\"row-2\">\n\t<td class=\"column-1\">25<\/td><td class=\"column-2\">560<\/td><td class=\"column-3\">M\u00e5lat st\u00e5l<\/td>\n<\/tr>\n<tr class=\"row-3\">\n\t<td class=\"column-1\">40<\/td><td class=\"column-2\">670<\/td><td class=\"column-3\">M\u00e5lat st\u00e5l<\/td>\n<\/tr>\n<tr class=\"row-4\">\n\t<td class=\"column-1\">55<\/td><td class=\"column-2\">780<\/td><td class=\"column-3\">M\u00e5lat st\u00e5l<\/td>\n<\/tr>\n<tr class=\"row-5\">\n\t<td class=\"column-1\">70<\/td><td class=\"column-2\">800<\/td><td class=\"column-3\">M\u00e5lat st\u00e5l<\/td>\n<\/tr>\n<\/tbody>\n<\/table>\n<!-- #tablepress-203 from cache --><\/div>\n\t\t\t\t\t\t<\/div>\n\t\t\t\t<\/div>\n\t\t\t\t<\/div>\n\t\t\t\t<\/div>\n\t\t\t\t<\/div>\n\t\t","protected":false},"excerpt":{"rendered":"<p class=\"p1\">Bojringar i m\u00e5lat och rostskyddat st\u00e5l.<\/p>\n<h5>Handla i v\u00e5r webbshop, repbutiken.se:<\/h5>\n<p><a href=\"https:\/\/repbutiken.se\/anvandningsomraden\/marint-sjofart\/p-ring-malad\/\" class=\"button\" target=\"_blank\" rel=\"noopener\">K\u00f6p nu<\/a><\/p>\n<h5>Kontakta oss med en f\u00f6rfr\u00e5gan:<\/h5>\n<p><a href=\"\/se\/kontakt\/\" class=\"button\">Beg\u00e4r offert<\/a><\/p>\n","protected":false},"featured_media":81973,"comment_status":"closed","ping_status":"closed","template":"","meta":[],"product_brand":[],"product_cat":[549,42,43,551,37],"product_tag":[1314,69,55,1207,1312,57,1208,1176,58,1209,1315,1313],"class_list":{"0":"post-81972","1":"product","2":"type-product","3":"status-publish","4":"has-post-thumbnail","6":"product_cat-fritidsbatar-marint","7":"product_cat-industri-infrastruktur","8":"product_cat-jarn-bygg","9":"product_cat-specialprojekt-tekniska-losningar","10":"product_cat-ovriga-produkter","11":"product_tag-b-ring","12":"product_tag-boj","13":"product_tag-bojfortojning","14":"product_tag-bojring","15":"product_tag-bojtyngd","16":"product_tag-bryggfortojning","17":"product_tag-dybotten","18":"product_tag-forankring","19":"product_tag-fortojning","20":"product_tag-katting","21":"product_tag-mooring-ring","22":"product_tag-p-ring","24":"first","25":"instock","26":"shipping-taxable","27":"product-type-simple"},"yoast_head":"<!-- This site is optimized with the Yoast SEO plugin v27.1.1 - https:\/\/yoast.com\/product\/yoast-seo-wordpress\/ -->\n<title>P-ring - Swedish Rope | Rep, tross, linor och sn\u00f6ren<\/title>\n<meta name=\"description\" content=\"P-ringar f\u00f6r f\u00f6rt\u00f6jning av bryggor, bojar och andra marina installationer.\" \/>\n<meta name=\"robots\" content=\"index, follow, max-snippet:-1, max-image-preview:large, max-video-preview:-1\" \/>\n<link rel=\"canonical\" href=\"https:\/\/www.swedishrope.com\/se\/produkt\/tillbehor-p-ring\/\" \/>\n<meta property=\"og:locale\" content=\"en_US\" \/>\n<meta property=\"og:type\" content=\"article\" \/>\n<meta property=\"og:title\" content=\"P-ring - Swedish Rope | Rep, tross, linor och sn\u00f6ren\" \/>\n<meta property=\"og:description\" content=\"P-ringar f\u00f6r f\u00f6rt\u00f6jning av bryggor, bojar och andra marina installationer.\" \/>\n<meta property=\"og:url\" content=\"https:\/\/www.swedishrope.com\/se\/produkt\/tillbehor-p-ring\/\" \/>\n<meta property=\"og:site_name\" content=\"Swedish Rope | Rep, tross, linor och sn\u00f6ren\" \/>\n<meta property=\"article:publisher\" content=\"https:\/\/www.facebook.com\/swedishrope\" \/>\n<meta property=\"article:modified_time\" content=\"2026-03-02T09:15:26+00:00\" \/>\n<meta property=\"og:image\" content=\"http:\/\/www.swedishrope.com\/se\/wp-content\/uploads\/2023\/11\/p-ring.jpg\" \/>\n\t<meta property=\"og:image:width\" content=\"1897\" \/>\n\t<meta property=\"og:image:height\" content=\"1398\" \/>\n\t<meta property=\"og:image:type\" content=\"image\/jpeg\" \/>\n<meta name=\"twitter:card\" content=\"summary_large_image\" \/>\n<meta name=\"twitter:label1\" content=\"Est. reading time\" \/>\n\t<meta name=\"twitter:data1\" content=\"2 minutes\" \/>\n<script type=\"application\/ld+json\" class=\"yoast-schema-graph\">{\"@context\":\"https:\/\/schema.org\",\"@graph\":[{\"@type\":\"WebPage\",\"@id\":\"https:\/\/www.swedishrope.com\/se\/produkt\/tillbehor-p-ring\/\",\"url\":\"https:\/\/www.swedishrope.com\/se\/produkt\/tillbehor-p-ring\/\",\"name\":\"P-ring - Swedish Rope | Rep, tross, linor och sn\u00f6ren\",\"isPartOf\":{\"@id\":\"https:\/\/www.swedishrope.com\/se\/#website\"},\"primaryImageOfPage\":{\"@id\":\"https:\/\/www.swedishrope.com\/se\/produkt\/tillbehor-p-ring\/#primaryimage\"},\"image\":{\"@id\":\"https:\/\/www.swedishrope.com\/se\/produkt\/tillbehor-p-ring\/#primaryimage\"},\"thumbnailUrl\":\"https:\/\/www.swedishrope.com\/se\/wp-content\/uploads\/2023\/11\/p-ring.jpg\",\"datePublished\":\"2023-11-06T13:44:27+00:00\",\"dateModified\":\"2026-03-02T09:15:26+00:00\",\"description\":\"P-ringar f\u00f6r f\u00f6rt\u00f6jning av bryggor, bojar och andra marina installationer.\",\"breadcrumb\":{\"@id\":\"https:\/\/www.swedishrope.com\/se\/produkt\/tillbehor-p-ring\/#breadcrumb\"},\"inLanguage\":\"en-US\",\"potentialAction\":[{\"@type\":\"ReadAction\",\"target\":[\"https:\/\/www.swedishrope.com\/se\/produkt\/tillbehor-p-ring\/\"]}]},{\"@type\":\"ImageObject\",\"inLanguage\":\"en-US\",\"@id\":\"https:\/\/www.swedishrope.com\/se\/produkt\/tillbehor-p-ring\/#primaryimage\",\"url\":\"https:\/\/www.swedishrope.com\/se\/wp-content\/uploads\/2023\/11\/p-ring.jpg\",\"contentUrl\":\"https:\/\/www.swedishrope.com\/se\/wp-content\/uploads\/2023\/11\/p-ring.jpg\",\"width\":1897,\"height\":1398},{\"@type\":\"BreadcrumbList\",\"@id\":\"https:\/\/www.swedishrope.com\/se\/produkt\/tillbehor-p-ring\/#breadcrumb\",\"itemListElement\":[{\"@type\":\"ListItem\",\"position\":1,\"name\":\"Home\",\"item\":\"https:\/\/www.swedishrope.com\/se\/\"},{\"@type\":\"ListItem\",\"position\":2,\"name\":\"Products\",\"item\":\"https:\/\/www.swedishrope.com\/se\/shop\/\"},{\"@type\":\"ListItem\",\"position\":3,\"name\":\"P-ring\"}]},{\"@type\":\"WebSite\",\"@id\":\"https:\/\/www.swedishrope.com\/se\/#website\",\"url\":\"https:\/\/www.swedishrope.com\/se\/\",\"name\":\"Swedish Rope | Ropes, hawsers, cords and twines\",\"description\":\"&quot;Vi sl\u00e5r det mesta!&quot;\",\"publisher\":{\"@id\":\"https:\/\/www.swedishrope.com\/se\/#organization\"},\"potentialAction\":[{\"@type\":\"SearchAction\",\"target\":{\"@type\":\"EntryPoint\",\"urlTemplate\":\"https:\/\/www.swedishrope.com\/se\/?s={search_term_string}\"},\"query-input\":{\"@type\":\"PropertyValueSpecification\",\"valueRequired\":true,\"valueName\":\"search_term_string\"}}],\"inLanguage\":\"en-US\"},{\"@type\":\"Organization\",\"@id\":\"https:\/\/www.swedishrope.com\/se\/#organization\",\"name\":\"Swedish Rope\",\"url\":\"https:\/\/www.swedishrope.com\/se\/\",\"logo\":{\"@type\":\"ImageObject\",\"inLanguage\":\"en-US\",\"@id\":\"https:\/\/www.swedishrope.com\/se\/#\/schema\/logo\/image\/\",\"url\":\"http:\/\/www.swedishrope.com\/se\/wp-content\/uploads\/2019\/07\/cropped-Logga-circular-SR.png\",\"contentUrl\":\"http:\/\/www.swedishrope.com\/se\/wp-content\/uploads\/2019\/07\/cropped-Logga-circular-SR.png\",\"width\":1843,\"height\":1840,\"caption\":\"Swedish Rope\"},\"image\":{\"@id\":\"https:\/\/www.swedishrope.com\/se\/#\/schema\/logo\/image\/\"},\"sameAs\":[\"https:\/\/www.facebook.com\/swedishrope\",\"https:\/\/www.instagram.com\/swedishrope\/\"]}]}<\/script>\n<!-- \/ Yoast SEO plugin. -->","yoast_head_json":{"title":"P-ring - Swedish Rope | Rep, tross, linor och sn\u00f6ren","description":"P-ringar f\u00f6r f\u00f6rt\u00f6jning av bryggor, bojar och andra marina installationer.","robots":{"index":"index","follow":"follow","max-snippet":"max-snippet:-1","max-image-preview":"max-image-preview:large","max-video-preview":"max-video-preview:-1"},"canonical":"https:\/\/www.swedishrope.com\/se\/produkt\/tillbehor-p-ring\/","og_locale":"en_US","og_type":"article","og_title":"P-ring - Swedish Rope | Rep, tross, linor och sn\u00f6ren","og_description":"P-ringar f\u00f6r f\u00f6rt\u00f6jning av bryggor, bojar och andra marina installationer.","og_url":"https:\/\/www.swedishrope.com\/se\/produkt\/tillbehor-p-ring\/","og_site_name":"Swedish Rope | Rep, tross, linor och sn\u00f6ren","article_publisher":"https:\/\/www.facebook.com\/swedishrope","article_modified_time":"2026-03-02T09:15:26+00:00","og_image":[{"width":1897,"height":1398,"url":"http:\/\/www.swedishrope.com\/se\/wp-content\/uploads\/2023\/11\/p-ring.jpg","type":"image\/jpeg"}],"twitter_card":"summary_large_image","twitter_misc":{"Est. reading time":"2 minutes"},"schema":{"@context":"https:\/\/schema.org","@graph":[{"@type":"WebPage","@id":"https:\/\/www.swedishrope.com\/se\/produkt\/tillbehor-p-ring\/","url":"https:\/\/www.swedishrope.com\/se\/produkt\/tillbehor-p-ring\/","name":"P-ring - Swedish Rope | Rep, tross, linor och sn\u00f6ren","isPartOf":{"@id":"https:\/\/www.swedishrope.com\/se\/#website"},"primaryImageOfPage":{"@id":"https:\/\/www.swedishrope.com\/se\/produkt\/tillbehor-p-ring\/#primaryimage"},"image":{"@id":"https:\/\/www.swedishrope.com\/se\/produkt\/tillbehor-p-ring\/#primaryimage"},"thumbnailUrl":"https:\/\/www.swedishrope.com\/se\/wp-content\/uploads\/2023\/11\/p-ring.jpg","datePublished":"2023-11-06T13:44:27+00:00","dateModified":"2026-03-02T09:15:26+00:00","description":"P-ringar f\u00f6r f\u00f6rt\u00f6jning av bryggor, bojar och andra marina installationer.","breadcrumb":{"@id":"https:\/\/www.swedishrope.com\/se\/produkt\/tillbehor-p-ring\/#breadcrumb"},"inLanguage":"en-US","potentialAction":[{"@type":"ReadAction","target":["https:\/\/www.swedishrope.com\/se\/produkt\/tillbehor-p-ring\/"]}]},{"@type":"ImageObject","inLanguage":"en-US","@id":"https:\/\/www.swedishrope.com\/se\/produkt\/tillbehor-p-ring\/#primaryimage","url":"https:\/\/www.swedishrope.com\/se\/wp-content\/uploads\/2023\/11\/p-ring.jpg","contentUrl":"https:\/\/www.swedishrope.com\/se\/wp-content\/uploads\/2023\/11\/p-ring.jpg","width":1897,"height":1398},{"@type":"BreadcrumbList","@id":"https:\/\/www.swedishrope.com\/se\/produkt\/tillbehor-p-ring\/#breadcrumb","itemListElement":[{"@type":"ListItem","position":1,"name":"Home","item":"https:\/\/www.swedishrope.com\/se\/"},{"@type":"ListItem","position":2,"name":"Products","item":"https:\/\/www.swedishrope.com\/se\/shop\/"},{"@type":"ListItem","position":3,"name":"P-ring"}]},{"@type":"WebSite","@id":"https:\/\/www.swedishrope.com\/se\/#website","url":"https:\/\/www.swedishrope.com\/se\/","name":"Swedish Rope | Ropes, hawsers, cords and twines","description":"&quot;Vi sl\u00e5r det mesta!&quot;","publisher":{"@id":"https:\/\/www.swedishrope.com\/se\/#organization"},"potentialAction":[{"@type":"SearchAction","target":{"@type":"EntryPoint","urlTemplate":"https:\/\/www.swedishrope.com\/se\/?s={search_term_string}"},"query-input":{"@type":"PropertyValueSpecification","valueRequired":true,"valueName":"search_term_string"}}],"inLanguage":"en-US"},{"@type":"Organization","@id":"https:\/\/www.swedishrope.com\/se\/#organization","name":"Swedish Rope","url":"https:\/\/www.swedishrope.com\/se\/","logo":{"@type":"ImageObject","inLanguage":"en-US","@id":"https:\/\/www.swedishrope.com\/se\/#\/schema\/logo\/image\/","url":"http:\/\/www.swedishrope.com\/se\/wp-content\/uploads\/2019\/07\/cropped-Logga-circular-SR.png","contentUrl":"http:\/\/www.swedishrope.com\/se\/wp-content\/uploads\/2019\/07\/cropped-Logga-circular-SR.png","width":1843,"height":1840,"caption":"Swedish Rope"},"image":{"@id":"https:\/\/www.swedishrope.com\/se\/#\/schema\/logo\/image\/"},"sameAs":["https:\/\/www.facebook.com\/swedishrope","https:\/\/www.instagram.com\/swedishrope\/"]}]}},"_links":{"self":[{"href":"https:\/\/www.swedishrope.com\/se\/wp-json\/wp\/v2\/product\/81972","targetHints":{"allow":["GET"]}}],"collection":[{"href":"https:\/\/www.swedishrope.com\/se\/wp-json\/wp\/v2\/product"}],"about":[{"href":"https:\/\/www.swedishrope.com\/se\/wp-json\/wp\/v2\/types\/product"}],"replies":[{"embeddable":true,"href":"https:\/\/www.swedishrope.com\/se\/wp-json\/wp\/v2\/comments?post=81972"}],"version-history":[{"count":28,"href":"https:\/\/www.swedishrope.com\/se\/wp-json\/wp\/v2\/product\/81972\/revisions"}],"predecessor-version":[{"id":85559,"href":"https:\/\/www.swedishrope.com\/se\/wp-json\/wp\/v2\/product\/81972\/revisions\/85559"}],"wp:featuredmedia":[{"embeddable":true,"href":"https:\/\/www.swedishrope.com\/se\/wp-json\/wp\/v2\/media\/81973"}],"wp:attachment":[{"href":"https:\/\/www.swedishrope.com\/se\/wp-json\/wp\/v2\/media?parent=81972"}],"wp:term":[{"taxonomy":"product_brand","embeddable":true,"href":"https:\/\/www.swedishrope.com\/se\/wp-json\/wp\/v2\/product_brand?post=81972"},{"taxonomy":"product_cat","embeddable":true,"href":"https:\/\/www.swedishrope.com\/se\/wp-json\/wp\/v2\/product_cat?post=81972"},{"taxonomy":"product_tag","embeddable":true,"href":"https:\/\/www.swedishrope.com\/se\/wp-json\/wp\/v2\/product_tag?post=81972"}],"curies":[{"name":"wp","href":"https:\/\/api.w.org\/{rel}","templated":true}]}}